{"id":10413,"date":"2023-12-10T15:20:05","date_gmt":"2023-12-10T12:20:05","guid":{"rendered":"https:\/\/grey-bison-235315.hostingersite.com\/?post_type=product&#038;p=10413"},"modified":"2025-10-07T14:18:25","modified_gmt":"2025-10-07T11:18:25","slug":"xiaomi-13","status":"publish","type":"product","link":"https:\/\/tekno47.com\/en\/urun\/xiaomi-13\/","title":{"rendered":"Xiaomi 13"},"content":{"rendered":"<p><img fetchpriority=\"high\" decoding=\"async\" class=\"aligncenter wp-image-10529 size-full\" src=\"http:\/\/tekno47.com\/wp-content\/uploads\/xiaomi13-scaled.webp\" alt=\"\" width=\"788\" height=\"2560\" \/><\/p>\n","protected":false},"excerpt":{"rendered":"","protected":false},"featured_media":10414,"template":"","meta":{"_acf_changed":false},"product_cat":[143,142],"product_tag":[221,222,576,216,223],"class_list":{"0":"post-10413","1":"product","2":"type-product","3":"status-publish","4":"has-post-thumbnail","6":"product_cat-akilli-telefonlar","7":"product_cat-mobil-cihazlar","8":"product_tag-mi","9":"product_tag-mi13","10":"product_tag-tekno47o","11":"product_tag-xiaomi","12":"product_tag-xiaomi13","14":"first","15":"outofstock","16":"sale","17":"shipping-taxable","18":"purchasable","19":"product-type-variable","20":"has-default-attributes"},"exclude_global_add_ons":false,"addons":[{"name":"\u015eahsi \u0130ME\u0130 kayd\u0131 (1)","type":"custom_text","position":0,"required":false,"title_format":"label","description_enable":true,"description":"Diren\u00e7 yada Yaz\u0131l\u0131msal kay\u0131t se\u00e7ene\u011fi ile mevcut ve\/veya se\u00e7ili ise, kendinize ait bir imei giri\u015fi i\u00e7in imei no'nuzu bu alana ekleyebilirsiniz. ","placeholder_enable":false,"placeholder":"","display":"select","restrictions_type":"only_numbers","adjust_price":false,"price":"","price_type":"flat_fee","restrictions":true,"min":15,"max":15,"options":[],"id":1702185472},{"name":"\u015eahsi \u0130ME\u0130 kayd\u0131 (2)","type":"custom_text","position":1,"required":false,"title_format":"label","description_enable":true,"description":"Diren\u00e7 yada Yaz\u0131l\u0131msal kay\u0131t se\u00e7ene\u011fi ile mevcut ve\/veya se\u00e7ili ise, kendinize ait bir imei giri\u015fi i\u00e7in imei no'nuzu bu alana ekleyebilirsiniz. ","placeholder_enable":false,"placeholder":"","display":"select","restrictions_type":"only_numbers","adjust_price":false,"price":"","price_type":"flat_fee","restrictions":true,"min":15,"max":15,"options":[],"id":1702185473}],"acf":{"kayit":"Var - Diren\u00e7","sifirlama":"Evet","guncelleme":"Evet","surum":"Global Rom Y\u00fckl\u00fc","kutu":"Orijinal Kutu i\u00e7eri\u011fi","tumu_g":false,"kayit_g":false,"sfirilama_g":false,"guncelleme_g":false,"surum_g":false,"kutu_g":false},"aioseo_notices":[],"_links":{"self":[{"href":"https:\/\/tekno47.com\/en\/wp-json\/wp\/v2\/product\/10413","targetHints":{"allow":["GET"]}}],"collection":[{"href":"https:\/\/tekno47.com\/en\/wp-json\/wp\/v2\/product"}],"about":[{"href":"https:\/\/tekno47.com\/en\/wp-json\/wp\/v2\/types\/product"}],"version-history":[{"count":0,"href":"https:\/\/tekno47.com\/en\/wp-json\/wp\/v2\/product\/10413\/revisions"}],"wp:featuredmedia":[{"embeddable":true,"href":"https:\/\/tekno47.com\/en\/wp-json\/wp\/v2\/media\/10414"}],"wp:attachment":[{"href":"https:\/\/tekno47.com\/en\/wp-json\/wp\/v2\/media?parent=10413"}],"wp:term":[{"taxonomy":"product_cat","embeddable":true,"href":"https:\/\/tekno47.com\/en\/wp-json\/wp\/v2\/product_cat?post=10413"},{"taxonomy":"product_tag","embeddable":true,"href":"https:\/\/tekno47.com\/en\/wp-json\/wp\/v2\/product_tag?post=10413"}],"curies":[{"name":"wp","href":"https:\/\/api.w.org\/{rel}","templated":true}]}}