{"id":10768,"date":"2023-12-10T20:44:46","date_gmt":"2023-12-10T17:44:46","guid":{"rendered":"https:\/\/grey-bison-235315.hostingersite.com\/?post_type=product&#038;p=10768"},"modified":"2026-02-03T22:38:48","modified_gmt":"2026-02-03T19:38:48","slug":"samsung-galaxy-s23-ultra","status":"publish","type":"product","link":"https:\/\/tekno47.com\/en\/urun\/samsung-galaxy-s23-ultra\/","title":{"rendered":"Samsung S23 Ultra"},"content":{"rendered":"<p><img fetchpriority=\"high\" decoding=\"async\" class=\"aligncenter size-full wp-image-10787\" src=\"http:\/\/tekno47.com\/wp-content\/uploads\/s23-ultra-scaled.webp\" alt=\"\" width=\"527\" height=\"2560\" \/><\/p>\n","protected":false},"excerpt":{"rendered":"<p><span style=\"color: #ff0000;\"><strong>Server kapal\u0131 oldu\u011fu i\u00e7in kay\u0131tl\u0131 g\u00f6nderim m\u00fcmk\u00fcn de\u011fil.<\/strong><\/span><\/p>\n","protected":false},"featured_media":13065,"template":"","meta":{"_acf_changed":false},"product_cat":[143,142],"product_tag":[260,261,262,259,263,264,576,265],"class_list":{"0":"post-10768","1":"product","2":"type-product","3":"status-publish","4":"has-post-thumbnail","6":"product_cat-akilli-telefonlar","7":"product_cat-mobil-cihazlar","8":"product_tag-galaxy","9":"product_tag-s23","10":"product_tag-s23-ultra","11":"product_tag-samsung","12":"product_tag-samsung-galaxy","13":"product_tag-samsung-galaxy-s23","14":"product_tag-tekno47o","15":"product_tag-ultra","17":"first","18":"outofstock","19":"sale","20":"shipping-taxable","21":"purchasable","22":"product-type-variable","23":"has-default-attributes"},"exclude_global_add_ons":[],"addons":[],"acf":{"kayit":"Var - Server","sifirlama":"Evet","guncelleme":"Evet","surum":"Global","kutu":"Orijinal Kutu i\u00e7eri\u011fi","tumu_g":false,"kayit_g":false,"sfirilama_g":false,"guncelleme_g":false,"surum_g":false,"kutu_g":false},"aioseo_notices":[],"_links":{"self":[{"href":"https:\/\/tekno47.com\/en\/wp-json\/wp\/v2\/product\/10768","targetHints":{"allow":["GET"]}}],"collection":[{"href":"https:\/\/tekno47.com\/en\/wp-json\/wp\/v2\/product"}],"about":[{"href":"https:\/\/tekno47.com\/en\/wp-json\/wp\/v2\/types\/product"}],"version-history":[{"count":2,"href":"https:\/\/tekno47.com\/en\/wp-json\/wp\/v2\/product\/10768\/revisions"}],"predecessor-version":[{"id":26910,"href":"https:\/\/tekno47.com\/en\/wp-json\/wp\/v2\/product\/10768\/revisions\/26910"}],"wp:featuredmedia":[{"embeddable":true,"href":"https:\/\/tekno47.com\/en\/wp-json\/wp\/v2\/media\/13065"}],"wp:attachment":[{"href":"https:\/\/tekno47.com\/en\/wp-json\/wp\/v2\/media?parent=10768"}],"wp:term":[{"taxonomy":"product_cat","embeddable":true,"href":"https:\/\/tekno47.com\/en\/wp-json\/wp\/v2\/product_cat?post=10768"},{"taxonomy":"product_tag","embeddable":true,"href":"https:\/\/tekno47.com\/en\/wp-json\/wp\/v2\/product_tag?post=10768"}],"curies":[{"name":"wp","href":"https:\/\/api.w.org\/{rel}","templated":true}]}}