{"id":11385,"date":"2023-12-16T16:08:43","date_gmt":"2023-12-16T13:08:43","guid":{"rendered":"https:\/\/grey-bison-235315.hostingersite.com\/?post_type=product&#038;p=11385"},"modified":"2024-09-24T15:18:17","modified_gmt":"2024-09-24T12:18:17","slug":"apple-magsafe-powerbank","status":"publish","type":"product","link":"https:\/\/tekno47.com\/en\/urun\/apple-magsafe-powerbank\/","title":{"rendered":"Apple Magsafe Powerbank"},"content":{"rendered":"","protected":false},"excerpt":{"rendered":"<p>\u00dcR\u00dcN ORJ\u0130NAL DE\u011e\u0130LD\u0130R.<\/p>\n<p>Yurtd\u0131\u015f\u0131 Muadil en \u00fcst d\u00fczey kalitede \u00fcr\u00fcnd\u00fcr.<\/p>\n<p>\u015earj kapasitesi 10.000&#8217;dir.<\/p>\n<p>&nbsp;<\/p>\n","protected":false},"featured_media":11386,"template":"","meta":{"_acf_changed":false},"product_cat":[145],"product_tag":[137],"class_list":{"0":"post-11385","1":"product","2":"type-product","3":"status-publish","4":"has-post-thumbnail","6":"product_cat-mobil-aksesuarlar","7":"product_tag-jiyan","9":"first","10":"instock","11":"sale","12":"shipping-taxable","13":"purchasable","14":"product-type-simple"},"exclude_global_add_ons":[],"addons":[],"acf":{"kayit":"Yok","sifirlama":"Hay\u0131r","guncelleme":"Hay\u0131r","surum":"Global Rom Y\u00fckl\u00fc","kutu":"Yok","tumu_g":true,"kayit_g":false,"sfirilama_g":false,"guncelleme_g":false,"surum_g":false,"kutu_g":false},"aioseo_notices":[],"_links":{"self":[{"href":"https:\/\/tekno47.com\/en\/wp-json\/wp\/v2\/product\/11385","targetHints":{"allow":["GET"]}}],"collection":[{"href":"https:\/\/tekno47.com\/en\/wp-json\/wp\/v2\/product"}],"about":[{"href":"https:\/\/tekno47.com\/en\/wp-json\/wp\/v2\/types\/product"}],"version-history":[{"count":0,"href":"https:\/\/tekno47.com\/en\/wp-json\/wp\/v2\/product\/11385\/revisions"}],"wp:featuredmedia":[{"embeddable":true,"href":"https:\/\/tekno47.com\/en\/wp-json\/wp\/v2\/media\/11386"}],"wp:attachment":[{"href":"https:\/\/tekno47.com\/en\/wp-json\/wp\/v2\/media?parent=11385"}],"wp:term":[{"taxonomy":"product_cat","embeddable":true,"href":"https:\/\/tekno47.com\/en\/wp-json\/wp\/v2\/product_cat?post=11385"},{"taxonomy":"product_tag","embeddable":true,"href":"https:\/\/tekno47.com\/en\/wp-json\/wp\/v2\/product_tag?post=11385"}],"curies":[{"name":"wp","href":"https:\/\/api.w.org\/{rel}","templated":true}]}}