{"id":11393,"date":"2023-12-16T16:34:17","date_gmt":"2023-12-16T13:34:17","guid":{"rendered":"https:\/\/grey-bison-235315.hostingersite.com\/?post_type=product&#038;p=11393"},"modified":"2024-09-24T15:24:59","modified_gmt":"2024-09-24T12:24:59","slug":"samsung-galaxy-buds-pro","status":"publish","type":"product","link":"https:\/\/tekno47.com\/en\/urun\/samsung-galaxy-buds-pro\/","title":{"rendered":"Samsung Galaxy Buds Pro"},"content":{"rendered":"","protected":false},"excerpt":{"rendered":"<p>ORJ\u0130NAL SAMSUNG \u00dcR\u00dcN\u00dc DE\u011e\u0130LD\u0130R.<\/p>\n<p>\u00dcr\u00fcn kapal\u0131 kutu ve jelatinli \u015fekilde gelmektedir.<\/p>\n<p>Fonksiyonlar orjinal \u00fcr\u00fcn ile ayn\u0131 \u015fekilde \u00e7al\u0131\u015fmaktad\u0131r.<\/p>\n<p>&nbsp;<\/p>\n<p>&nbsp;<\/p>\n","protected":false},"featured_media":12246,"template":"","meta":{"_acf_changed":false},"product_cat":[145,142],"product_tag":[137],"class_list":{"0":"post-11393","1":"product","2":"type-product","3":"status-publish","4":"has-post-thumbnail","6":"product_cat-mobil-aksesuarlar","7":"product_cat-mobil-cihazlar","8":"product_tag-jiyan","10":"first","11":"instock","12":"sale","13":"shipping-taxable","14":"purchasable","15":"product-type-variable"},"exclude_global_add_ons":[],"addons":[],"acf":{"kayit":"Yok","sifirlama":"Hay\u0131r","guncelleme":"Hay\u0131r","surum":"Global Rom Y\u00fckl\u00fc","kutu":"Yok","tumu_g":true,"kayit_g":false,"sfirilama_g":false,"guncelleme_g":false,"surum_g":false,"kutu_g":false},"aioseo_notices":[],"_links":{"self":[{"href":"https:\/\/tekno47.com\/en\/wp-json\/wp\/v2\/product\/11393","targetHints":{"allow":["GET"]}}],"collection":[{"href":"https:\/\/tekno47.com\/en\/wp-json\/wp\/v2\/product"}],"about":[{"href":"https:\/\/tekno47.com\/en\/wp-json\/wp\/v2\/types\/product"}],"version-history":[{"count":0,"href":"https:\/\/tekno47.com\/en\/wp-json\/wp\/v2\/product\/11393\/revisions"}],"wp:featuredmedia":[{"embeddable":true,"href":"https:\/\/tekno47.com\/en\/wp-json\/wp\/v2\/media\/12246"}],"wp:attachment":[{"href":"https:\/\/tekno47.com\/en\/wp-json\/wp\/v2\/media?parent=11393"}],"wp:term":[{"taxonomy":"product_cat","embeddable":true,"href":"https:\/\/tekno47.com\/en\/wp-json\/wp\/v2\/product_cat?post=11393"},{"taxonomy":"product_tag","embeddable":true,"href":"https:\/\/tekno47.com\/en\/wp-json\/wp\/v2\/product_tag?post=11393"}],"curies":[{"name":"wp","href":"https:\/\/api.w.org\/{rel}","templated":true}]}}