{"id":11479,"date":"2023-12-17T14:20:53","date_gmt":"2023-12-17T11:20:53","guid":{"rendered":"https:\/\/grey-bison-235315.hostingersite.com\/?post_type=product&#038;p=11479"},"modified":"2025-05-08T01:49:10","modified_gmt":"2025-05-07T22:49:10","slug":"xiaomi-14-pro","status":"publish","type":"product","link":"https:\/\/tekno47.com\/en\/urun\/xiaomi-14-pro\/","title":{"rendered":"Xiaomi 14 Pro"},"content":{"rendered":"<p>A\u011e Teknolojisi<br \/>\nGSM \/ CDMA \/ HSPA \/ CDMA2000 \/ LTE \/ 5G<br \/>\nLANSMAN A\u00e7\u0131kland\u0131 2023, 26 Ekim<br \/>\nMevcut Durum. \u00c7\u0131k\u0131\u015f Tarihi 2023, Kas\u0131m 01<br \/>\nG\u00d6VDE Boyutlar\u0131 161,4 x 75,3 x 8,5 mm<br \/>\nA\u011f\u0131rl\u0131k 223 g veya 230 g (7,87 oz)<br \/>\nYap\u0131 Cam \u00f6n, al\u00fcminyum \u00e7er\u00e7eve veya titanyum \u00e7er\u00e7eve, cam arka<br \/>\nSIM Nano-SIM ve eSIM veya \u00c7ift SIM (Nano-SIM, \u00e7ift stand-by)<br \/>\nIP68 toza\/suya dayan\u0131kl\u0131 (30 dakika boyunca 1,5 m&#8217;ye kadar)<br \/>\nEKRAN Tipi LTPO AMOLED, 68B renk, 120Hz, Dolby Vision, HDR10+, 3000 nit (tepe)<br \/>\nBoyut 6,73 in\u00e7, 108,9 cm2 (~%89,6 ekran-g\u00f6vde oran\u0131)<br \/>\n\u00c7\u00f6z\u00fcn\u00fcrl\u00fck 1440 x 3200 piksel, 20:9 oran (~522 ppi yo\u011funluk)<br \/>\nKoruma Xiaomi Longjing Cam<br \/>\nPLATFORM \u0130\u015eLET\u0130M S\u0130STEM\u0130 Android 14, HyperOS<br \/>\nYonga Seti Qualcomm SM8650-AB Snapdragon 8 Gen 3 (4 nm)<br \/>\nCPU Sekiz \u00e7ekirdekli (1&#215;3,3 GHz Cortex-X4 &amp; 5&#215;3,2 GHz Cortex-A720 &amp; 2&#215;2,3 GHz Cortex-A520)<br \/>\nGPU Adreno 750<br \/>\nBELLEK Kart yuvas\u0131 Hay\u0131r<br \/>\nDahili 256GB 12GB RAM, 512GB 16GB RAM, 1TB 16GB RAM<br \/>\nUFS 4.0<br \/>\nANA KAMERA \u00dc\u00e7l\u00fc 50 MP, f\/1.4-f\/4.0, 23mm (geni\u015f), 1\/1.31&#8243;, 1.2\u00b5m, \u00e7ift piksel PDAF, Lazer AF, OIS<br \/>\n50 MP, f\/2.0, 75mm (telefoto), PDAF (10cm &#8211; \u221e), OIS, 3.2x optik zoom<br \/>\n50 MP, f\/2.2, 14mm, 115\u02da (ultra geni\u015f), AF<br \/>\nLeica lens, \u00c7ift LED \u00e7ift tonlu fla\u015f, HDR, panorama \u00f6zellikleri<br \/>\nVideo 8K@24fps (HDR), 4K@24\/30\/60fps (HDR10+, 10-bit Dolby Vision HDR, 10-bit LOG), 1080p@30\/60\/120\/240\/960fps, 720p@1920fps, gyro-EIS<br \/>\nSELFIE KAMERA Tek 32 MP, (geni\u015f)<br \/>\n\u00d6zellikler HDR, panorama<br \/>\nVideo 4K@30\/60fps, 1080p@30\/60fps, gyro-EIS<br \/>\nSES Hoparl\u00f6r Evet, stereo hoparl\u00f6rler ile<br \/>\n3,5 mm jak Hay\u0131r<br \/>\n24-bit\/192kHz ses<br \/>\nCOMMS WLAN Wi-Fi 802.11 a\/b\/g\/n\/ac\/6e\/7, \u00e7ift bant, Wi-Fi Direct<br \/>\nBluetooth 5.4, A2DP, LE, aptX HD, aptX Adaptive<br \/>\nKonumland\u0131rma GPS (L1+L5), GLONASS (G1), BDS (B1I+B1c+B2a), GALILEO (E1+E5a), QZSS (L1+L5), NavIC (L5)<br \/>\nNFC Evet<br \/>\nK\u0131z\u0131l\u00f6tesi ba\u011flant\u0131 noktas\u0131 Evet<br \/>\nRadyo Hay\u0131r<br \/>\nUSB USB Type-C 3.2 Gen 2, OTG<br \/>\n\u00d6ZELL\u0130KLER Sens\u00f6rler Parmak izi (ekran alt\u0131, optik), ivme\u00f6l\u00e7er, yak\u0131nl\u0131k, jiro, pusula, barometre, renk spektrumu<br \/>\nBATARYA Tipi Li-Po 4880 mAh, \u00e7\u0131kar\u0131lamaz<br \/>\n120W kablolu, PD3.0, QC4, 18 dakikada %100 \u015farj (reklam\u0131 yap\u0131ld\u0131)<br \/>\n50W kablosuz, 40 dakikada %100 (reklam\u0131 yap\u0131ld\u0131)<br \/>\n10W ters kablosuz<br \/>\nMISC Renkler Siyah, G\u00fcm\u00fc\u015f, Titanyum, Ye\u015fil<\/p>\n<p>&nbsp;<\/p>\n","protected":false},"excerpt":{"rendered":"<p>A\u011e Teknolojisi GSM \/ CDMA \/ HSPA \/ CDMA2000 \/ LTE \/ 5G LANSMAN A\u00e7\u0131kland\u0131 2023, 26 Ekim Mevcut Durum.<\/p>\n","protected":false},"featured_media":11486,"template":"","meta":{"_acf_changed":false},"product_cat":[143,142],"product_tag":[333,334,335,576,332,336],"class_list":{"0":"post-11479","1":"product","2":"type-product","3":"status-publish","4":"has-post-thumbnail","6":"product_cat-akilli-telefonlar","7":"product_cat-mobil-cihazlar","8":"product_tag-14-pro","9":"product_tag-mi14","10":"product_tag-mi14pro","11":"product_tag-tekno47o","12":"product_tag-xiaomi-14-pro","13":"product_tag-xiaomi-pro","15":"first","16":"instock","17":"sale","18":"shipping-taxable","19":"purchasable","20":"product-type-variable","21":"has-default-attributes"},"exclude_global_add_ons":[],"addons":[],"acf":{"kayit":"Yok - Belli De\u011fil","sifirlama":"Evet","guncelleme":"Evet","surum":"Global Rom Y\u00fckl\u00fc","kutu":"Orijinal Kutu ve i\u00e7eri\u011fi","tumu_g":false,"kayit_g":false,"sfirilama_g":false,"guncelleme_g":false,"surum_g":false,"kutu_g":false},"aioseo_notices":[],"_links":{"self":[{"href":"https:\/\/tekno47.com\/en\/wp-json\/wp\/v2\/product\/11479","targetHints":{"allow":["GET"]}}],"collection":[{"href":"https:\/\/tekno47.com\/en\/wp-json\/wp\/v2\/product"}],"about":[{"href":"https:\/\/tekno47.com\/en\/wp-json\/wp\/v2\/types\/product"}],"version-history":[{"count":0,"href":"https:\/\/tekno47.com\/en\/wp-json\/wp\/v2\/product\/11479\/revisions"}],"wp:featuredmedia":[{"embeddable":true,"href":"https:\/\/tekno47.com\/en\/wp-json\/wp\/v2\/media\/11486"}],"wp:attachment":[{"href":"https:\/\/tekno47.com\/en\/wp-json\/wp\/v2\/media?parent=11479"}],"wp:term":[{"taxonomy":"product_cat","embeddable":true,"href":"https:\/\/tekno47.com\/en\/wp-json\/wp\/v2\/product_cat?post=11479"},{"taxonomy":"product_tag","embeddable":true,"href":"https:\/\/tekno47.com\/en\/wp-json\/wp\/v2\/product_tag?post=11479"}],"curies":[{"name":"wp","href":"https:\/\/api.w.org\/{rel}","templated":true}]}}