{"id":11622,"date":"2023-12-17T17:27:56","date_gmt":"2023-12-17T14:27:56","guid":{"rendered":"https:\/\/grey-bison-235315.hostingersite.com\/?post_type=product&#038;p=11622"},"modified":"2026-03-27T14:22:45","modified_gmt":"2026-03-27T11:22:45","slug":"xiaomi-11-lite-5g-ne","status":"publish","type":"product","link":"https:\/\/tekno47.com\/en\/urun\/xiaomi-11-lite-5g-ne\/","title":{"rendered":"Xiaomi 11 Lite 5G NE"},"content":{"rendered":"<div id=\"specs-list\">\n<p data-spec=\"comment\">Xiaomi 11 Lite NE 5G olarak da bilinir<\/p>\n<table cellspacing=\"0\">\n<tbody>\n<tr class=\"tr-hover\">\n<th rowspan=\"15\" scope=\"row\">A\u011e<\/th>\n<td class=\"ttl\">Teknoloji<\/td>\n<td class=\"nfo\">GSM \/ HSPA \/ LTE \/ 5G<\/td>\n<\/tr>\n<\/tbody>\n<\/table>\n<table cellspacing=\"0\">\n<tbody>\n<tr>\n<th rowspan=\"2\" scope=\"row\">\u00d6\u011eLE YEME\u011e\u0130<\/th>\n<td class=\"ttl\">Duyuruldu<\/td>\n<td class=\"nfo\" data-spec=\"year\">15 Eyl\u00fcl 2021<\/td>\n<\/tr>\n<tr>\n<td class=\"ttl\">Durum<\/td>\n<td class=\"nfo\" data-spec=\"status\">Mevcut.\u00a002 Ekim 2021&#8217;de yay\u0131nland\u0131<\/td>\n<\/tr>\n<\/tbody>\n<\/table>\n<table cellspacing=\"0\">\n<tbody>\n<tr>\n<th rowspan=\"6\" scope=\"row\">V\u00dcCUT<\/th>\n<td class=\"ttl\">Boyutlar<\/td>\n<td class=\"nfo\" data-spec=\"dimensions\">160,5 x 75,7 x 6,8 mm (6,32 x 2,98 x 0,27 in\u00e7)<\/td>\n<\/tr>\n<tr>\n<td class=\"ttl\">A\u011f\u0131rl\u0131k<\/td>\n<td class=\"nfo\" data-spec=\"weight\">158 gr (5,57 ons)<\/td>\n<\/tr>\n<tr>\n<td class=\"ttl\">SIM<\/td>\n<td class=\"nfo\" data-spec=\"sim\">Hibrit \u00c7ift SIM (Nano-SIM, ikili bekleme)<\/td>\n<\/tr>\n<tr>\n<td class=\"ttl\"><\/td>\n<td class=\"nfo\" data-spec=\"bodyother\">IP53, toza ve su s\u0131\u00e7ramas\u0131na kar\u015f\u0131 dayan\u0131kl\u0131<\/td>\n<\/tr>\n<\/tbody>\n<\/table>\n<table cellspacing=\"0\">\n<tbody>\n<tr>\n<th rowspan=\"5\" scope=\"row\">G\u00d6R\u00dcNT\u00dcLEMEK<\/th>\n<td class=\"ttl\">Tip<\/td>\n<td class=\"nfo\" data-spec=\"displaytype\">AMOLED, 1B renkler, Dolby Vision, HDR10+, 90Hz, 500 nit (tip), 800 nit (HBM)<\/td>\n<\/tr>\n<tr>\n<td class=\"ttl\">Boyut<\/td>\n<td class=\"nfo\" data-spec=\"displaysize\">6,55 in\u00e7, 103,6 cm2\u00a0<sup>(<\/sup>\u00a0~%85,3 ekran-g\u00f6vde oran\u0131)<\/td>\n<\/tr>\n<tr>\n<td class=\"ttl\">\u00c7\u00f6z\u00fcn\u00fcrl\u00fck<\/td>\n<td class=\"nfo\" data-spec=\"displayresolution\">1080 x 2400 piksel, 20:9 oran (~402 ppi yo\u011funluk)<\/td>\n<\/tr>\n<tr>\n<td class=\"ttl\">Koruma<\/td>\n<td class=\"nfo\" data-spec=\"displayprotection\">Corning Gorilla Glass 5<\/td>\n<\/tr>\n<\/tbody>\n<\/table>\n<table cellspacing=\"0\">\n<tbody>\n<tr>\n<th rowspan=\"4\" scope=\"row\">PLATFORMU<\/th>\n<td class=\"ttl\">i\u015fletim sistemi<\/td>\n<td class=\"nfo\" data-spec=\"os\">Android 11, Android 12 ve MIUI 13&#8217;e y\u00fckseltilebilir<\/td>\n<\/tr>\n<tr>\n<td class=\"ttl\">Yonga seti<\/td>\n<td class=\"nfo\" data-spec=\"chipset\">Qualcomm SM7325 Aslana\u011fz\u0131 778G 5G (6 nm)<\/td>\n<\/tr>\n<tr>\n<td class=\"ttl\">\u0130\u015flemci<\/td>\n<td class=\"nfo\" data-spec=\"cpu\">Sekiz \u00e7ekirdekli (1&#215;2,4 GHz Cortex-A78 ve 3&#215;2,2 GHz Cortex-A78 ve 4&#215;1,9 GHz Cortex-A55)<\/td>\n<\/tr>\n<tr>\n<td class=\"ttl\">GPU<\/td>\n<td class=\"nfo\" data-spec=\"gpu\">Adreno 642L<\/td>\n<\/tr>\n<\/tbody>\n<\/table>\n<table cellspacing=\"0\">\n<tbody>\n<tr>\n<th rowspan=\"5\" scope=\"row\">HAFIZA<\/th>\n<td class=\"ttl\">Kart yuvas\u0131<\/td>\n<td class=\"nfo\" data-spec=\"memoryslot\">microSDXC (payla\u015f\u0131lan SIM yuvas\u0131n\u0131 kullan\u0131r)<\/td>\n<\/tr>\n<tr>\n<td class=\"ttl\">Dahili<\/td>\n<td class=\"nfo\" data-spec=\"internalmemory\">128GB 6GB RAM, 128GB 8GB RAM, 256GB 8GB RAM<\/td>\n<\/tr>\n<tr>\n<td class=\"ttl\"><\/td>\n<td class=\"nfo\" data-spec=\"memoryother\">UFS2.2<\/td>\n<\/tr>\n<\/tbody>\n<\/table>\n<table cellspacing=\"0\">\n<tbody>\n<tr>\n<th class=\"small-line-height\" rowspan=\"4\" scope=\"row\">ANA KAMERA<\/th>\n<td class=\"ttl\">\u00dc\u00e7l\u00fc<\/td>\n<td class=\"nfo\" data-spec=\"cam1modules\">64 MP, f\/1,8, 26 mm (geni\u015f), 1\/1,97&#8243;, 0,7 \u00b5m, PDAF<br \/>\n8 MP, f\/2,2, 119\u02da (ultra geni\u015f), 1\/4,0&#8243;, 1,12 \u00b5m<br \/>\n5 MP, f\/2,4, 50 mm ( telefoto makro), 1\/5,0&#8243;, 1,12\u03bcm, AF<\/td>\n<\/tr>\n<tr>\n<td class=\"ttl\">\u00d6zellikler<\/td>\n<td class=\"nfo\" data-spec=\"cam1features\">\u00c7ift LED \u00e7ift tonlu fla\u015f, HDR, panorama<\/td>\n<\/tr>\n<tr>\n<td class=\"ttl\">Video<\/td>\n<td class=\"nfo\" data-spec=\"cam1video\">4K@30fps, 1080p@30\/60\/120fps, 720p@960fps;\u00a0cayro-EIS<\/td>\n<\/tr>\n<\/tbody>\n<\/table>\n<table cellspacing=\"0\">\n<tbody>\n<tr>\n<th class=\"small-line-height\" rowspan=\"4\" scope=\"row\">SELF\u0130E KAMERASI<\/th>\n<td class=\"ttl\">Bekar<\/td>\n<td class=\"nfo\" data-spec=\"cam2modules\">20 MP, f\/2,2, 27 mm (geni\u015f), 1\/3,4&#8243;, 0,8 \u00b5m<\/td>\n<\/tr>\n<tr>\n<td class=\"ttl\">\u00d6zellikler<\/td>\n<td class=\"nfo\" data-spec=\"cam2features\">HDR, panorama<\/td>\n<\/tr>\n<tr>\n<td class=\"ttl\">Video<\/td>\n<td class=\"nfo\" data-spec=\"cam2video\">1080p@30\/60fps, 720p@120fps<\/td>\n<\/tr>\n<\/tbody>\n<\/table>\n<table cellspacing=\"0\">\n<tbody>\n<tr>\n<th rowspan=\"3\" scope=\"row\">SES<\/th>\n<td class=\"ttl\">Hoparl\u00f6r<\/td>\n<td class=\"nfo\">Evet, \u00e7ift hoparl\u00f6rl\u00fc<\/td>\n<\/tr>\n<tr>\n<td class=\"ttl\">3,5 mm jak<\/td>\n<td class=\"nfo\">HAYIR<\/td>\n<\/tr>\n<\/tbody>\n<\/table>\n<table cellspacing=\"0\">\n<tbody>\n<tr>\n<th rowspan=\"9\" scope=\"row\">\u0130LET\u0130\u015e\u0130M<\/th>\n<td class=\"ttl\">WLAN<\/td>\n<td class=\"nfo\" data-spec=\"wlan\">Wi-Fi 802.11 a\/b\/g\/n\/ac\/6 (K\u00fcresel), Wi-Fi 802.11 a\/b\/g\/n\/ac (Hindistan)<\/td>\n<\/tr>\n<tr>\n<td class=\"ttl\">Bluetooth<\/td>\n<td class=\"nfo\" data-spec=\"bluetooth\">5.2 (K\u00fcresel), 5.1 (Hindistan)<\/td>\n<\/tr>\n<tr>\n<td class=\"ttl\">Konumland\u0131rma<\/td>\n<td class=\"nfo\" data-spec=\"gps\">GPS (L1+L5), GLONASS, BDS, GALILEO, NavIC<\/td>\n<\/tr>\n<tr>\n<td class=\"ttl\">NFC<\/td>\n<td class=\"nfo\" data-spec=\"nfc\">Evet (pazara\/b\u00f6lgeye ba\u011fl\u0131d\u0131r)<\/td>\n<\/tr>\n<tr>\n<td class=\"ttl\">K\u0131z\u0131l\u00f6tesi ba\u011flant\u0131 noktas\u0131<\/td>\n<td class=\"nfo\">Evet<\/td>\n<\/tr>\n<tr>\n<td class=\"ttl\">Radyo<\/td>\n<td class=\"nfo\" data-spec=\"radio\">HAYIR<\/td>\n<\/tr>\n<tr>\n<td class=\"ttl\">USB<\/td>\n<td class=\"nfo\" data-spec=\"usb\">USB Tip-C 2.0, OTG<\/td>\n<\/tr>\n<\/tbody>\n<\/table>\n<table cellspacing=\"0\">\n<tbody>\n<tr>\n<th rowspan=\"9\" scope=\"row\">\u00d6ZELL\u0130KLER<\/th>\n<td class=\"ttl\">Sens\u00f6rler<\/td>\n<td class=\"nfo\" data-spec=\"sensors\">Parmak izi (yana monteli), ivme\u00f6l\u00e7er, jiroskop, pusula<\/td>\n<\/tr>\n<tr>\n<td class=\"ttl\"><\/td>\n<td class=\"nfo\" data-spec=\"featuresother\">Sanal yak\u0131nl\u0131k alg\u0131lama<\/td>\n<\/tr>\n<\/tbody>\n<\/table>\n<table cellspacing=\"0\">\n<tbody>\n<tr>\n<th rowspan=\"7\" scope=\"row\">P\u0130L<\/th>\n<td class=\"ttl\">Tip<\/td>\n<td class=\"nfo\" data-spec=\"batdescription1\">Li-Po 4250 mAh, \u00e7\u0131kar\u0131lamaz<\/td>\n<\/tr>\n<tr>\n<td class=\"ttl\">Doluyor<\/td>\n<td class=\"nfo\">33W kablolu<\/td>\n<\/tr>\n<\/tbody>\n<\/table>\n<table cellspacing=\"0\">\n<tbody>\n<tr>\n<th rowspan=\"6\" scope=\"row\">\u00c7E\u015e\u0130TL\u0130<\/th>\n<td class=\"ttl\">Renkler<\/td>\n<td class=\"nfo\" data-spec=\"colors\">Tr\u00fcf Siyah\u0131 (Vinil Siyah), Sak\u0131z Mavisi (Caz Mavisi), \u015eeftali Pembesi (Toskana Mercan\u0131), Kar Tanesi Beyaz\u0131 (Diamond Dazzle)<\/td>\n<\/tr>\n<tr>\n<td class=\"ttl\">Modeller<\/td>\n<td class=\"nfo\" data-spec=\"models\">2109119DG, 2107119DC, 2109119DI<\/td>\n<\/tr>\n<tr>\n<td class=\"ttl\">SAR<\/td>\n<td class=\"nfo\" data-spec=\"sar-us\">1,09 W\/kg (kafa) 1,05 W\/kg (g\u00f6vde)<\/td>\n<\/tr>\n<tr>\n<td class=\"ttl\">SAR AB<\/td>\n<td class=\"nfo\" data-spec=\"sar-eu\">0,59 W\/kg (kafa) 0,95 W\/kg (g\u00f6vde)<\/td>\n<\/tr>\n<tr>\n<td class=\"ttl\"><\/td>\n<td class=\"nfo\" data-spec=\"price\"><\/td>\n<\/tr>\n<\/tbody>\n<\/table>\n<table cellspacing=\"0\">\n<tbody>\n<tr>\n<th rowspan=\"5\" scope=\"row\">TESTLER<\/th>\n<td class=\"ttl\">Verim<\/td>\n<td class=\"nfo\" data-spec=\"tbench\">AnTuTu: 527663 (v9)<br \/>\nGeekBench: 2832 (v5.1)<br \/>\nGFXBench: 28 fps (ES 3.1 ekranda)<\/td>\n<\/tr>\n<tr>\n<td class=\"ttl\">G\u00f6r\u00fcnt\u00fclemek<\/td>\n<td class=\"nfo\">Kontrast oran\u0131: Sonsuz (nominal)<\/td>\n<\/tr>\n<tr>\n<td class=\"ttl\">Kamera<\/td>\n<td class=\"nfo\">Foto\u011fraf\u00a0\/\u00a0Video<\/td>\n<\/tr>\n<tr>\n<td class=\"ttl\">Hoparl\u00f6r<\/td>\n<td class=\"nfo\">-23,6 LUFS (\u00c7ok iyi)<\/td>\n<\/tr>\n<tr>\n<td class=\"ttl\">Pil \u00f6mr\u00fc<\/td>\n<td class=\"nfo\" data-spec=\"batlife\">\n<div>Dayan\u0131kl\u0131l\u0131k derecesi 122 saat<\/div>\n<\/td>\n<\/tr>\n<\/tbody>\n<\/table>\n<\/div>\n<p class=\"note\">\n","protected":false},"excerpt":{"rendered":"<p>Xiaomi 11 Lite NE 5G olarak da bilinir A\u011e Teknoloji GSM \/ HSPA \/ LTE \/ 5G \u00d6\u011eLE YEME\u011e\u0130 Duyuruldu<\/p>\n","protected":false},"featured_media":11625,"template":"","meta":{"_acf_changed":false},"product_cat":[143,142],"product_tag":[353,352,576,354,351],"class_list":{"0":"post-11622","1":"product","2":"type-product","3":"status-publish","4":"has-post-thumbnail","6":"product_cat-akilli-telefonlar","7":"product_cat-mobil-cihazlar","8":"product_tag-5g-ne","9":"product_tag-mi-11-lite-5g-ne","10":"product_tag-tekno47o","11":"product_tag-xiaomi-11-lite","12":"product_tag-xiaomi-11-lite-5g-ne","14":"first","15":"instock","16":"sale","17":"shipping-taxable","18":"purchasable","19":"product-type-variable","20":"has-default-attributes"},"exclude_global_add_ons":false,"addons":[{"name":"\u015eahsi \u0130ME\u0130 kayd\u0131 (1)","type":"custom_text","position":0,"required":false,"title_format":"label","description_enable":true,"description":"Diren\u00e7 yada Yaz\u0131l\u0131msal kay\u0131t se\u00e7ene\u011fi ile mevcut ve\/veya se\u00e7ili ise, kendinize ait bir imei giri\u015fi i\u00e7in imei no'nuzu bu alana ekleyebilirsiniz. ","placeholder_enable":false,"placeholder":"","display":"select","restrictions_type":"only_numbers","adjust_price":false,"price":"","price_type":"flat_fee","restrictions":true,"min":15,"max":15,"options":[],"id":1702185472},{"name":"\u015eahsi \u0130ME\u0130 kayd\u0131 (2)","type":"custom_text","position":1,"required":false,"title_format":"label","description_enable":true,"description":"Diren\u00e7 yada Yaz\u0131l\u0131msal kay\u0131t se\u00e7ene\u011fi ile mevcut ve\/veya se\u00e7ili ise, kendinize ait bir imei giri\u015fi i\u00e7in imei no'nuzu bu alana ekleyebilirsiniz. ","placeholder_enable":false,"placeholder":"","display":"select","restrictions_type":"only_numbers","adjust_price":false,"price":"","price_type":"flat_fee","restrictions":true,"min":15,"max":15,"options":[],"id":1702185473}],"acf":{"kayit":"Var - Diren\u00e7","sifirlama":"Evet","guncelleme":"Evet","surum":"Global","kutu":"Orijinal Kutu i\u00e7eri\u011fi","tumu_g":false,"kayit_g":false,"sfirilama_g":false,"guncelleme_g":false,"surum_g":false,"kutu_g":false},"aioseo_notices":[],"_links":{"self":[{"href":"https:\/\/tekno47.com\/en\/wp-json\/wp\/v2\/product\/11622","targetHints":{"allow":["GET"]}}],"collection":[{"href":"https:\/\/tekno47.com\/en\/wp-json\/wp\/v2\/product"}],"about":[{"href":"https:\/\/tekno47.com\/en\/wp-json\/wp\/v2\/types\/product"}],"version-history":[{"count":0,"href":"https:\/\/tekno47.com\/en\/wp-json\/wp\/v2\/product\/11622\/revisions"}],"wp:featuredmedia":[{"embeddable":true,"href":"https:\/\/tekno47.com\/en\/wp-json\/wp\/v2\/media\/11625"}],"wp:attachment":[{"href":"https:\/\/tekno47.com\/en\/wp-json\/wp\/v2\/media?parent=11622"}],"wp:term":[{"taxonomy":"product_cat","embeddable":true,"href":"https:\/\/tekno47.com\/en\/wp-json\/wp\/v2\/product_cat?post=11622"},{"taxonomy":"product_tag","embeddable":true,"href":"https:\/\/tekno47.com\/en\/wp-json\/wp\/v2\/product_tag?post=11622"}],"curies":[{"name":"wp","href":"https:\/\/api.w.org\/{rel}","templated":true}]}}