{"id":11902,"date":"2023-12-21T11:23:08","date_gmt":"2023-12-21T08:23:08","guid":{"rendered":"https:\/\/grey-bison-235315.hostingersite.com\/?post_type=product&#038;p=11902"},"modified":"2025-05-08T01:49:13","modified_gmt":"2025-05-07T22:49:13","slug":"xiaomi-12t-pro","status":"publish","type":"product","link":"https:\/\/tekno47.com\/en\/urun\/xiaomi-12t-pro\/","title":{"rendered":"Xiaomi 12T"},"content":{"rendered":"<p>A\u011f Teknolojisi<br \/>\nGSM \/ HSPA \/ LTE \/ 5G<br \/>\nLansman A\u00e7\u0131kland\u0131 2022, 04 Ekim<br \/>\nMevcut Durum. 2022, 06 Ekim&#8217;de yay\u0131nland\u0131<br \/>\nG\u00f6vde Boyutlar\u0131 163,1 x 75,9 x 8,6 mm (6,42 x 2,99 x 0,34 in\u00e7)<br \/>\nA\u011f\u0131rl\u0131k 202 g (7,13 oz)<br \/>\nSIM \u00c7ift SIM (Nano-SIM, \u00e7ift stand-by)<br \/>\nEkran Tipi AMOLED, 68B renk, 120Hz, HDR10+, 500 nit (tip), 900 nit (tepe)<br \/>\nBoyut 6,67 in\u00e7, 107,4 cm2 (~%86,7 ekran-g\u00f6vde oran\u0131)<br \/>\n\u00c7\u00f6z\u00fcn\u00fcrl\u00fck 1220 x 2712 piksel, 20:9 oran (~446 ppi yo\u011funluk)<br \/>\nKoruma Corning Gorilla Glass 5<br \/>\nPlatform \u0130\u015fletim Sistemi Android 12, Android 14&#8217;e y\u00fckseltilebilir, MIUI 14<br \/>\nYonga Seti Mediatek Dimensity 8100 Ultra (5 nm)<br \/>\nCPU Sekiz \u00e7ekirdekli (4&#215;2,85 GHz Cortex-A78 &amp; 4&#215;2,0 GHz Cortex-A55)<br \/>\nGPU Mali-G610 MC6<br \/>\nBellek Kart\u0131 yuvas\u0131 Hay\u0131r<br \/>\nDahili 128GB 8GB RAM, 256GB 8GB RAM<br \/>\nUFS 3.1<br \/>\nAna Kamera \u00dc\u00e7l\u00fc 108 MP, f\/1.7, 24mm (geni\u015f), 1\/1.67&#8243;, 0.64\u00b5m, PDAF, OIS<br \/>\n8 MP, f\/2.2, 120\u02da (ultra geni\u015f), 1\/4.0&#8243;, 1.12\u00b5m<br \/>\n2 MP, f\/2,4, (makro)<br \/>\n\u00d6zellikler \u00c7ift LED \u00e7ift tonlu fla\u015f, HDR, panorama<br \/>\nVideo 4K@30fps, 1080p@30\/60\/120\/240fps, HDR<br \/>\nSelfie kameras\u0131 Tek 20 MP, f\/2.2, (geni\u015f), 1\/3.47&#8243;, 0.8\u00b5m<br \/>\n\u00d6zellikler HDR, panorama<br \/>\nVideo 1080p@30\/60fps, HDR<br \/>\nSes Hoparl\u00f6r\u00fc Evet, stereo hoparl\u00f6rlerle<br \/>\n3,5 mm jak Hay\u0131r<br \/>\n24-bit\/192kHz Hi-Res ses<br \/>\n\u0130leti\u015fim WLAN Wi-Fi 802.11 a\/b\/g\/n\/ac\/6, \u00e7ift bant, Wi-Fi Direct<br \/>\nBluetooth 5.3, A2DP, LE<br \/>\nKonumland\u0131rma GPS (L1+L5), GLONASS (L1), BDS (B1I+B1c+B2a), GALILEO (E1+E5a), QZSS (L1+L5), NavIC (L5)<br \/>\nNFC Evet (pazara\/b\u00f6lgeye ba\u011fl\u0131)<br \/>\nK\u0131z\u0131l\u00f6tesi ba\u011flant\u0131 noktas\u0131 Evet<br \/>\nRadyo Hay\u0131r<br \/>\nUSB USB Tip-C 2.0, OTG<br \/>\n\u00d6zellikler Sens\u00f6rler Parmak izi (ekran alt\u0131, optik), ivme\u00f6l\u00e7er, jiro, yak\u0131nl\u0131k, pusula, renk spektrumu<br \/>\nPil Tipi Li-Po 5000 mAh, \u00e7\u0131kar\u0131lamaz<br \/>\n120W kablolu \u015farj, 19 dakikada %100 (reklam\u0131 yap\u0131ld\u0131)<br \/>\n\u00c7e\u015fitli Renkler Siyah, G\u00fcm\u00fc\u015f, Mavi<br \/>\nModeller 22071212AG<br \/>\nSAR 1,09 W\/kg (ba\u015f) 1,09 W\/kg (v\u00fccut)<br \/>\nSAR AB 0,99 W\/kg (ba\u015f) 0,99 W\/kg (v\u00fccut)<\/p>\n<p>Testler Performans AnTuTu: 780204 (v9)<br \/>\nGeekBench: 3756 (v5.1)<br \/>\nEkran 954 nit maksimum parlakl\u0131k (\u00f6l\u00e7\u00fclm\u00fc\u015f)<br \/>\nKamera Foto\u011fraf \/ Video<br \/>\nHoparl\u00f6r -25,0 LUFS (\u00c7ok iyi)<br \/>\nAk\u00fc (eski)<br \/>\nDayan\u0131kl\u0131l\u0131k derecesi 104h<br \/>\nSorumluluk Reddi. Bu sayfadaki bilgilerin %100 do\u011fru oldu\u011funu garanti edemeyiz. Daha fazla bilgi edinin<\/p>\n<p>Translated with DeepL.com (free version)<\/p>\n","protected":false},"excerpt":{"rendered":"<p>A\u011f Teknolojisi GSM \/ HSPA \/ LTE \/ 5G Lansman A\u00e7\u0131kland\u0131 2022, 04 Ekim Mevcut Durum. 2022, 06 Ekim&#8217;de yay\u0131nland\u0131<\/p>\n","protected":false},"featured_media":11903,"template":"","meta":{"_acf_changed":false},"product_cat":[143,142],"product_tag":[382,383,384,576,381],"class_list":{"0":"post-11902","1":"product","2":"type-product","3":"status-publish","4":"has-post-thumbnail","6":"product_cat-akilli-telefonlar","7":"product_cat-mobil-cihazlar","8":"product_tag-12t-pro","9":"product_tag-mi-12t-pro","10":"product_tag-mi12t","11":"product_tag-tekno47o","12":"product_tag-xiaomi-12t-pro","14":"first","15":"instock","16":"sale","17":"shipping-taxable","18":"purchasable","19":"product-type-variable","20":"has-default-attributes"},"exclude_global_add_ons":true,"addons":[{"name":"Kay\u0131t se\u00e7ene\u011f\u011fi","type":"checkbox","position":0,"required":false,"title_format":"label","description_enable":false,"description":"","placeholder_enable":false,"placeholder":"","display":"select","restrictions_type":"any_text","adjust_price":false,"price":"","price_type":"flat_fee","restrictions":false,"min":0,"max":0,"options":[{"label":"Diren\u00e7","price":"30","price_type":"quantity_based","image":0}],"id":1723048548}],"acf":{"kayit":"Var - Diren\u00e7","sifirlama":"Evet","guncelleme":"Evet","surum":"Global","kutu":"Orijinal Kutu i\u00e7eri\u011fi","tumu_g":false,"kayit_g":false,"sfirilama_g":false,"guncelleme_g":false,"surum_g":false,"kutu_g":false},"aioseo_notices":[],"_links":{"self":[{"href":"https:\/\/tekno47.com\/en\/wp-json\/wp\/v2\/product\/11902","targetHints":{"allow":["GET"]}}],"collection":[{"href":"https:\/\/tekno47.com\/en\/wp-json\/wp\/v2\/product"}],"about":[{"href":"https:\/\/tekno47.com\/en\/wp-json\/wp\/v2\/types\/product"}],"version-history":[{"count":0,"href":"https:\/\/tekno47.com\/en\/wp-json\/wp\/v2\/product\/11902\/revisions"}],"wp:featuredmedia":[{"embeddable":true,"href":"https:\/\/tekno47.com\/en\/wp-json\/wp\/v2\/media\/11903"}],"wp:attachment":[{"href":"https:\/\/tekno47.com\/en\/wp-json\/wp\/v2\/media?parent=11902"}],"wp:term":[{"taxonomy":"product_cat","embeddable":true,"href":"https:\/\/tekno47.com\/en\/wp-json\/wp\/v2\/product_cat?post=11902"},{"taxonomy":"product_tag","embeddable":true,"href":"https:\/\/tekno47.com\/en\/wp-json\/wp\/v2\/product_tag?post=11902"}],"curies":[{"name":"wp","href":"https:\/\/api.w.org\/{rel}","templated":true}]}}