{"id":12693,"date":"2023-12-25T19:44:05","date_gmt":"2023-12-25T16:44:05","guid":{"rendered":"https:\/\/grey-bison-235315.hostingersite.com\/?post_type=product&#038;p=12693"},"modified":"2025-09-08T14:56:35","modified_gmt":"2025-09-08T11:56:35","slug":"xiaomi-67-watt-turbo-sarj-cihazi-ve-usb-type-c-sarj-kablosu","status":"publish","type":"product","link":"https:\/\/tekno47.com\/en\/urun\/xiaomi-67-watt-turbo-sarj-cihazi-ve-usb-type-c-sarj-kablosu\/","title":{"rendered":"Xiaomi 67 Watt Turbo \u015earj Cihaz\u0131 ve USB Type-C \u015earj Kablosu"},"content":{"rendered":"<p>*Orjinal kutu \u00e7\u0131kmas\u0131 \u00fcr\u00fcnlerdir<\/p>\n<p>*Amper de\u011ferleri orjinaldir<\/p>\n<p>*kullan\u0131lmam\u0131\u015f s\u0131f\u0131r<\/p>\n<p>*Tr ba\u015fl\u0131k veya ingiliz ba\u015fl\u0131k tedarik edebiliriz<\/p>\n","protected":false},"excerpt":{"rendered":"<p>*Orjinal kutu \u00e7\u0131kmas\u0131 \u00fcr\u00fcnlerdir *Amper de\u011ferleri orjinaldir *kullan\u0131lmam\u0131\u015f s\u0131f\u0131r *Tr ba\u015fl\u0131k veya ingiliz ba\u015fl\u0131k tedarik edebiliriz<\/p>\n","protected":false},"featured_media":12857,"template":"","meta":{"_acf_changed":false},"product_cat":[145,142],"product_tag":[136],"class_list":{"0":"post-12693","1":"product","2":"type-product","3":"status-publish","4":"has-post-thumbnail","6":"product_cat-mobil-aksesuarlar","7":"product_cat-mobil-cihazlar","8":"product_tag-aksesuary","10":"first","11":"instock","12":"sale","13":"shipping-taxable","14":"purchasable","15":"product-type-simple"},"exclude_global_add_ons":[],"addons":[],"acf":{"kayit":"Yok","sifirlama":"Hay\u0131r","guncelleme":"Hay\u0131r","surum":"Global Rom Y\u00fckl\u00fc","kutu":"Yok","tumu_g":true,"kayit_g":false,"sfirilama_g":false,"guncelleme_g":false,"surum_g":false,"kutu_g":false},"aioseo_notices":[],"_links":{"self":[{"href":"https:\/\/tekno47.com\/en\/wp-json\/wp\/v2\/product\/12693","targetHints":{"allow":["GET"]}}],"collection":[{"href":"https:\/\/tekno47.com\/en\/wp-json\/wp\/v2\/product"}],"about":[{"href":"https:\/\/tekno47.com\/en\/wp-json\/wp\/v2\/types\/product"}],"version-history":[{"count":0,"href":"https:\/\/tekno47.com\/en\/wp-json\/wp\/v2\/product\/12693\/revisions"}],"wp:featuredmedia":[{"embeddable":true,"href":"https:\/\/tekno47.com\/en\/wp-json\/wp\/v2\/media\/12857"}],"wp:attachment":[{"href":"https:\/\/tekno47.com\/en\/wp-json\/wp\/v2\/media?parent=12693"}],"wp:term":[{"taxonomy":"product_cat","embeddable":true,"href":"https:\/\/tekno47.com\/en\/wp-json\/wp\/v2\/product_cat?post=12693"},{"taxonomy":"product_tag","embeddable":true,"href":"https:\/\/tekno47.com\/en\/wp-json\/wp\/v2\/product_tag?post=12693"}],"curies":[{"name":"wp","href":"https:\/\/api.w.org\/{rel}","templated":true}]}}