{"id":12856,"date":"2023-12-28T11:56:21","date_gmt":"2023-12-28T08:56:21","guid":{"rendered":"https:\/\/grey-bison-235315.hostingersite.com\/?post_type=product&#038;p=12856"},"modified":"2025-10-28T21:20:19","modified_gmt":"2025-10-28T18:20:19","slug":"120-w-usb-sarj-cihazi-6a-usb-c-kablosu-ile-1-m-mi-turbo-sarj-hizli-sarj","status":"publish","type":"product","link":"https:\/\/tekno47.com\/en\/urun\/120-w-usb-sarj-cihazi-6a-usb-c-kablosu-ile-1-m-mi-turbo-sarj-hizli-sarj\/","title":{"rendered":"120 W USB \u015farj cihaz\u0131 6A USB C kablosu ile 1 M Mi Turbo \u015farj h\u0131zl\u0131 \u015farj"},"content":{"rendered":"<p>120 W USB \u015farj cihaz\u0131 6A USB C kablosu ile 1 M Mi Turbo \u015farj h\u0131zl\u0131 \u015farj i\u00e7in Xiaomi 13 12T 11T Pro 13 12 Lite 12X, Redmi not 12 11S 10S 10 9Pro, Mi 11 Ultra&#8230;<\/p>\n<p>*Ojinal kutu i\u00e7eri\u011fi<\/p>\n<p>*Orjinal amper ve \u015farj s\u00fcresi<\/p>\n<p>*Kutu \u00e7\u0131kmas\u0131d\u0131r<\/p>\n<p>*Replika sahte falan de\u011fildir<\/p>\n<p>*Set halinde g\u00f6nderilecektir<\/p>\n<p>*Tr ba\u015fl\u0131k veya \u0130ngiliz ba\u015fl\u0131k g\u00f6nderim mevcut<\/p>\n","protected":false},"excerpt":{"rendered":"<p>120 W USB \u015farj cihaz\u0131 6A USB C kablosu ile 1 M Mi Turbo \u015farj h\u0131zl\u0131 \u015farj i\u00e7in Xiaomi 13<\/p>\n","protected":false},"featured_media":12859,"template":"","meta":{"_acf_changed":false},"product_cat":[145,142],"product_tag":[136],"class_list":{"0":"post-12856","1":"product","2":"type-product","3":"status-publish","4":"has-post-thumbnail","6":"product_cat-mobil-aksesuarlar","7":"product_cat-mobil-cihazlar","8":"product_tag-aksesuary","10":"first","11":"instock","12":"sale","13":"shipping-taxable","14":"purchasable","15":"product-type-simple"},"exclude_global_add_ons":[],"addons":[],"acf":{"kayit":"Yok","sifirlama":"Hay\u0131r","guncelleme":"Hay\u0131r","surum":"Global Rom Y\u00fckl\u00fc","kutu":"Yok","tumu_g":true,"kayit_g":false,"sfirilama_g":false,"guncelleme_g":false,"surum_g":false,"kutu_g":false},"aioseo_notices":[],"_links":{"self":[{"href":"https:\/\/tekno47.com\/en\/wp-json\/wp\/v2\/product\/12856","targetHints":{"allow":["GET"]}}],"collection":[{"href":"https:\/\/tekno47.com\/en\/wp-json\/wp\/v2\/product"}],"about":[{"href":"https:\/\/tekno47.com\/en\/wp-json\/wp\/v2\/types\/product"}],"version-history":[{"count":1,"href":"https:\/\/tekno47.com\/en\/wp-json\/wp\/v2\/product\/12856\/revisions"}],"predecessor-version":[{"id":26841,"href":"https:\/\/tekno47.com\/en\/wp-json\/wp\/v2\/product\/12856\/revisions\/26841"}],"wp:featuredmedia":[{"embeddable":true,"href":"https:\/\/tekno47.com\/en\/wp-json\/wp\/v2\/media\/12859"}],"wp:attachment":[{"href":"https:\/\/tekno47.com\/en\/wp-json\/wp\/v2\/media?parent=12856"}],"wp:term":[{"taxonomy":"product_cat","embeddable":true,"href":"https:\/\/tekno47.com\/en\/wp-json\/wp\/v2\/product_cat?post=12856"},{"taxonomy":"product_tag","embeddable":true,"href":"https:\/\/tekno47.com\/en\/wp-json\/wp\/v2\/product_tag?post=12856"}],"curies":[{"name":"wp","href":"https:\/\/api.w.org\/{rel}","templated":true}]}}