{"id":12862,"date":"2023-12-28T12:02:03","date_gmt":"2023-12-28T09:02:03","guid":{"rendered":"https:\/\/grey-bison-235315.hostingersite.com\/?post_type=product&#038;p=12862"},"modified":"2025-08-30T01:17:04","modified_gmt":"2025-08-29T22:17:04","slug":"33w-turbo-hizli-sarj-adaptoru-sarj-aleti-oppo-xiaomi-typ-c-hizli-sarj","status":"publish","type":"product","link":"https:\/\/tekno47.com\/en\/urun\/33w-turbo-hizli-sarj-adaptoru-sarj-aleti-oppo-xiaomi-typ-c-hizli-sarj\/","title":{"rendered":"33W TURBO HIZLI \u015earj Adapt\u00f6r\u00fc \u015earj Aleti. Oppo Xiaomi TYP-C H\u0131zl\u0131 \u015earj"},"content":{"rendered":"<ul class=\"a-unordered-list a-vertical a-spacing-mini\">\n<li class=\"a-spacing-mini\"><span class=\"a-list-item\">33W H\u0131zl\u0131 \u015earj Aleti (Adapt\u00f6r+Type C Kablo)<\/span><\/li>\n<li class=\"a-spacing-mini\"><span class=\"a-list-item\">Quick Charge 3.0 Destekli H\u0131zl\u0131 \u015earj Cihaz\u0131 sahip oldu\u011fu g\u00fcvenli \u015farj \u00f6zelli\u011fi ile h\u0131zl\u0131 \u015farj \u00f6zelli\u011fine sahip olan t\u00fcm mobil cihazlar\u0131n normal \u015farj cihazlar\u0131na g\u00f6re \u00e7ok daha h\u0131zl\u0131 \u015farj edilebilmesine olanak tan\u0131r.<\/span><\/li>\n<li class=\"a-spacing-mini\"><span class=\"a-list-item\">QC 3.0 deste\u011fi olmayan di\u011fer mobil cihazlar da cihaz\u0131n max kapasitesi oran\u0131nda h\u0131zl\u0131 bi\u00e7imde \u015farj edilebilirler.<\/span><\/li>\n<li class=\"a-spacing-mini\"><span class=\"a-list-item\">H\u0131zl\u0131 \u015farj desteklemeyen modellerde en g\u00fcvenli \u015fekilde kullan\u0131labilir ve cihaz\u0131n\u0131za hi\u00e7 bir \u015fekilde h\u0131zl\u0131 \u015farj \u00f6zelli\u011fi olmas\u0131ndan dolay\u0131 zarar vermez.<\/span><\/li>\n<li class=\"a-spacing-mini\"><span class=\"a-list-item\">\u00dcr\u00fcn \u00d6zellikleri:Giri\u015fi: 100-240V 50-60 Hz G\u00fc\u00e7 \u00c7\u0131k\u0131\u015f\u0131: 5V 3A, 9V 3A, 12V 2,25A, 20V 1,35A<\/span><\/li>\n<li>*Ojinal kutu i\u00e7eri\u011fi*Orjinal amper ve \u015farj s\u00fcresi*Kutu \u00e7\u0131kmas\u0131d\u0131r*Replika sahte falan de\u011fildir*Set halinde g\u00f6nderilecektir*Tr ba\u015fl\u0131k veya \u0130ngiliz ba\u015fl\u0131k g\u00f6nderim mevcut<\/li>\n<\/ul>\n","protected":false},"excerpt":{"rendered":"<p>33W H\u0131zl\u0131 \u015earj Aleti (Adapt\u00f6r+Type C Kablo) Quick Charge 3.0 Destekli H\u0131zl\u0131 \u015earj Cihaz\u0131 sahip oldu\u011fu g\u00fcvenli \u015farj \u00f6zelli\u011fi ile<\/p>\n","protected":false},"featured_media":12863,"template":"","meta":{"_acf_changed":false},"product_cat":[145,142],"product_tag":[136],"class_list":{"0":"post-12862","1":"product","2":"type-product","3":"status-publish","4":"has-post-thumbnail","6":"product_cat-mobil-aksesuarlar","7":"product_cat-mobil-cihazlar","8":"product_tag-aksesuary","10":"first","11":"instock","12":"sale","13":"shipping-taxable","14":"purchasable","15":"product-type-simple"},"exclude_global_add_ons":[],"addons":[],"acf":{"kayit":"Yok","sifirlama":"Hay\u0131r","guncelleme":"Hay\u0131r","surum":"Global Rom Y\u00fckl\u00fc","kutu":"Yok","tumu_g":true,"kayit_g":false,"sfirilama_g":false,"guncelleme_g":false,"surum_g":false,"kutu_g":false},"aioseo_notices":[],"_links":{"self":[{"href":"https:\/\/tekno47.com\/en\/wp-json\/wp\/v2\/product\/12862","targetHints":{"allow":["GET"]}}],"collection":[{"href":"https:\/\/tekno47.com\/en\/wp-json\/wp\/v2\/product"}],"about":[{"href":"https:\/\/tekno47.com\/en\/wp-json\/wp\/v2\/types\/product"}],"version-history":[{"count":0,"href":"https:\/\/tekno47.com\/en\/wp-json\/wp\/v2\/product\/12862\/revisions"}],"wp:featuredmedia":[{"embeddable":true,"href":"https:\/\/tekno47.com\/en\/wp-json\/wp\/v2\/media\/12863"}],"wp:attachment":[{"href":"https:\/\/tekno47.com\/en\/wp-json\/wp\/v2\/media?parent=12862"}],"wp:term":[{"taxonomy":"product_cat","embeddable":true,"href":"https:\/\/tekno47.com\/en\/wp-json\/wp\/v2\/product_cat?post=12862"},{"taxonomy":"product_tag","embeddable":true,"href":"https:\/\/tekno47.com\/en\/wp-json\/wp\/v2\/product_tag?post=12862"}],"curies":[{"name":"wp","href":"https:\/\/api.w.org\/{rel}","templated":true}]}}