{"id":12880,"date":"2023-12-28T12:50:40","date_gmt":"2023-12-28T09:50:40","guid":{"rendered":"https:\/\/grey-bison-235315.hostingersite.com\/?post_type=product&#038;p=12880"},"modified":"2023-12-30T17:09:48","modified_gmt":"2023-12-30T14:09:48","slug":"15w-kablosuz-sarj-cihaziyla-kulaklik-standi-airpods-max-pro-2-3-iwatch-9-8-7-6-5-4-3-2-1-se-iphone-icin-suguder-4u-1-arada-sarj-istasyonu-kulaklik-tutucu","status":"publish","type":"product","link":"https:\/\/tekno47.com\/en\/urun\/15w-kablosuz-sarj-cihaziyla-kulaklik-standi-airpods-max-pro-2-3-iwatch-9-8-7-6-5-4-3-2-1-se-iphone-icin-suguder-4u-1-arada-sarj-istasyonu-kulaklik-tutucu\/","title":{"rendered":"15w Kablosuz \u015earj Cihaz\u0131yla Kulakl\u0131k Stand\u0131, AirPods Max\/Pro\/2\/3 iWatch 9\/8\/7\/6\/5\/4\/3\/2\/1\/SE iPhone i\u00e7in Suguder 4&#8217;\u00fc 1 Arada \u015earj \u0130stasyonu Kulakl\u0131k Tutucu&#8230;"},"content":{"rendered":"","protected":false},"excerpt":{"rendered":"","protected":false},"featured_media":12919,"template":"","meta":{"_acf_changed":false},"product_cat":[145,142],"product_tag":[136],"class_list":{"0":"post-12880","1":"product","2":"type-product","3":"status-publish","4":"has-post-thumbnail","6":"product_cat-mobil-aksesuarlar","7":"product_cat-mobil-cihazlar","8":"product_tag-aksesuary","10":"first","11":"instock","12":"sale","13":"shipping-taxable","14":"purchasable","15":"product-type-simple"},"exclude_global_add_ons":[],"addons":[],"acf":{"kayit":"Yok","sifirlama":"Hay\u0131r","guncelleme":"Hay\u0131r","surum":"Global Rom Y\u00fckl\u00fc","kutu":"Yok","tumu_g":true,"kayit_g":false,"sfirilama_g":false,"guncelleme_g":false,"surum_g":false,"kutu_g":false},"aioseo_notices":[],"_links":{"self":[{"href":"https:\/\/tekno47.com\/en\/wp-json\/wp\/v2\/product\/12880","targetHints":{"allow":["GET"]}}],"collection":[{"href":"https:\/\/tekno47.com\/en\/wp-json\/wp\/v2\/product"}],"about":[{"href":"https:\/\/tekno47.com\/en\/wp-json\/wp\/v2\/types\/product"}],"version-history":[{"count":0,"href":"https:\/\/tekno47.com\/en\/wp-json\/wp\/v2\/product\/12880\/revisions"}],"wp:featuredmedia":[{"embeddable":true,"href":"https:\/\/tekno47.com\/en\/wp-json\/wp\/v2\/media\/12919"}],"wp:attachment":[{"href":"https:\/\/tekno47.com\/en\/wp-json\/wp\/v2\/media?parent=12880"}],"wp:term":[{"taxonomy":"product_cat","embeddable":true,"href":"https:\/\/tekno47.com\/en\/wp-json\/wp\/v2\/product_cat?post=12880"},{"taxonomy":"product_tag","embeddable":true,"href":"https:\/\/tekno47.com\/en\/wp-json\/wp\/v2\/product_tag?post=12880"}],"curies":[{"name":"wp","href":"https:\/\/api.w.org\/{rel}","templated":true}]}}