{"id":12922,"date":"2023-12-29T17:09:42","date_gmt":"2023-12-29T14:09:42","guid":{"rendered":"https:\/\/grey-bison-235315.hostingersite.com\/?post_type=product&#038;p=12922"},"modified":"2023-12-30T17:11:58","modified_gmt":"2023-12-30T14:11:58","slug":"wireless-charger-led-night-light-rgb","status":"publish","type":"product","link":"https:\/\/tekno47.com\/en\/urun\/wireless-charger-led-night-light-rgb\/","title":{"rendered":"Wireless Charger Led Night Light Rgb &#8230;"},"content":{"rendered":"","protected":false},"excerpt":{"rendered":"","protected":false},"featured_media":12923,"template":"","meta":{"_acf_changed":false},"product_cat":[145,142],"product_tag":[136],"class_list":{"0":"post-12922","1":"product","2":"type-product","3":"status-publish","4":"has-post-thumbnail","6":"product_cat-mobil-aksesuarlar","7":"product_cat-mobil-cihazlar","8":"product_tag-aksesuary","10":"first","11":"instock","12":"sale","13":"shipping-taxable","14":"purchasable","15":"product-type-simple"},"exclude_global_add_ons":[],"addons":[],"acf":{"kayit":"Yok","sifirlama":"Hay\u0131r","guncelleme":"Hay\u0131r","surum":"Global Rom Y\u00fckl\u00fc","kutu":"Yok","tumu_g":true,"kayit_g":false,"sfirilama_g":false,"guncelleme_g":false,"surum_g":false,"kutu_g":false},"aioseo_notices":[],"_links":{"self":[{"href":"https:\/\/tekno47.com\/en\/wp-json\/wp\/v2\/product\/12922","targetHints":{"allow":["GET"]}}],"collection":[{"href":"https:\/\/tekno47.com\/en\/wp-json\/wp\/v2\/product"}],"about":[{"href":"https:\/\/tekno47.com\/en\/wp-json\/wp\/v2\/types\/product"}],"version-history":[{"count":0,"href":"https:\/\/tekno47.com\/en\/wp-json\/wp\/v2\/product\/12922\/revisions"}],"wp:featuredmedia":[{"embeddable":true,"href":"https:\/\/tekno47.com\/en\/wp-json\/wp\/v2\/media\/12923"}],"wp:attachment":[{"href":"https:\/\/tekno47.com\/en\/wp-json\/wp\/v2\/media?parent=12922"}],"wp:term":[{"taxonomy":"product_cat","embeddable":true,"href":"https:\/\/tekno47.com\/en\/wp-json\/wp\/v2\/product_cat?post=12922"},{"taxonomy":"product_tag","embeddable":true,"href":"https:\/\/tekno47.com\/en\/wp-json\/wp\/v2\/product_tag?post=12922"}],"curies":[{"name":"wp","href":"https:\/\/api.w.org\/{rel}","templated":true}]}}