{"id":12926,"date":"2023-12-29T17:12:07","date_gmt":"2023-12-29T14:12:07","guid":{"rendered":"https:\/\/grey-bison-235315.hostingersite.com\/?post_type=product&#038;p=12926"},"modified":"2023-12-30T12:22:20","modified_gmt":"2023-12-30T09:22:20","slug":"wireless-charger-led-night-light-rgb-2","status":"publish","type":"product","link":"https:\/\/tekno47.com\/en\/urun\/wireless-charger-led-night-light-rgb-2\/","title":{"rendered":"Xiaomi Gan Type-C 65W \u015earj Adapt\u00f6r\u00fc"},"content":{"rendered":"<ul class=\"a-unordered-list a-vertical a-spacing-mini\">\n<li>*Ojinal kutu i\u00e7eri\u011fi*Orjinal amper ve \u015farj s\u00fcresi\n<p>*Kutu \u00e7\u0131kmas\u0131d\u0131r<\/p>\n<p>*Replika sahte falan de\u011fildir<\/p>\n<p>*Set halinde g\u00f6nderilecektir<\/p>\n<p>*Tr ba\u015fl\u0131k veya \u0130ngiliz ba\u015fl\u0131k g\u00f6nderim mevcut<\/li>\n<\/ul>\n","protected":false},"excerpt":{"rendered":"<p>*Ojinal kutu i\u00e7eri\u011fi<\/p>\n<p>*Orjinal amper ve \u015farj s\u00fcresi<\/p>\n<p>*Kutu \u00e7\u0131kmas\u0131d\u0131r<\/p>\n<p>*Replika sahte falan de\u011fildir<\/p>\n<p>*Set halinde g\u00f6nderilecektir<\/p>\n<p>*Tr ba\u015fl\u0131k veya \u0130ngiliz ba\u015fl\u0131k g\u00f6nderim mevcut<\/p>\n<p>*G\u00f6rselde ki gibi kutulu g\u00f6nderim yap\u0131lacakt\u0131r<\/p>\n","protected":false},"featured_media":12983,"template":"","meta":{"_acf_changed":false},"product_cat":[145,142],"product_tag":[136],"class_list":{"0":"post-12926","1":"product","2":"type-product","3":"status-publish","4":"has-post-thumbnail","6":"product_cat-mobil-aksesuarlar","7":"product_cat-mobil-cihazlar","8":"product_tag-aksesuary","10":"first","11":"instock","12":"sale","13":"shipping-taxable","14":"purchasable","15":"product-type-simple"},"exclude_global_add_ons":[],"addons":[],"acf":{"kayit":"Yok","sifirlama":"Hay\u0131r","guncelleme":"Hay\u0131r","surum":"Global Rom Y\u00fckl\u00fc","kutu":"Yok","tumu_g":true,"kayit_g":false,"sfirilama_g":false,"guncelleme_g":false,"surum_g":false,"kutu_g":false},"aioseo_notices":[],"_links":{"self":[{"href":"https:\/\/tekno47.com\/en\/wp-json\/wp\/v2\/product\/12926","targetHints":{"allow":["GET"]}}],"collection":[{"href":"https:\/\/tekno47.com\/en\/wp-json\/wp\/v2\/product"}],"about":[{"href":"https:\/\/tekno47.com\/en\/wp-json\/wp\/v2\/types\/product"}],"version-history":[{"count":0,"href":"https:\/\/tekno47.com\/en\/wp-json\/wp\/v2\/product\/12926\/revisions"}],"wp:featuredmedia":[{"embeddable":true,"href":"https:\/\/tekno47.com\/en\/wp-json\/wp\/v2\/media\/12983"}],"wp:attachment":[{"href":"https:\/\/tekno47.com\/en\/wp-json\/wp\/v2\/media?parent=12926"}],"wp:term":[{"taxonomy":"product_cat","embeddable":true,"href":"https:\/\/tekno47.com\/en\/wp-json\/wp\/v2\/product_cat?post=12926"},{"taxonomy":"product_tag","embeddable":true,"href":"https:\/\/tekno47.com\/en\/wp-json\/wp\/v2\/product_tag?post=12926"}],"curies":[{"name":"wp","href":"https:\/\/api.w.org\/{rel}","templated":true}]}}