{"id":13115,"date":"2024-01-03T15:06:15","date_gmt":"2024-01-03T12:06:15","guid":{"rendered":"https:\/\/grey-bison-235315.hostingersite.com\/?post_type=product&#038;p=13115"},"modified":"2025-09-07T13:47:47","modified_gmt":"2025-09-07T10:47:47","slug":"xiaomi-12x","status":"publish","type":"product","link":"https:\/\/tekno47.com\/en\/urun\/xiaomi-12x\/","title":{"rendered":"Xiaomi 12X"},"content":{"rendered":"<p>A\u011e Teknolojisi<br \/>\nGSM \/ CDMA \/ HSPA \/ EVDO \/ LTE \/ 5G<br \/>\nLANSMAN 2021, 28 Aral\u0131k&#8217;ta A\u00e7\u0131kland\u0131<br \/>\nMevcut Durum. 2021, 31 Aral\u0131k&#8217;ta yay\u0131nland\u0131<br \/>\nG\u00d6VDE Boyutlar 152,7 x 69,9 x 8,2 mm (6,01 x 2,75 x 0,32 in\u00e7)<br \/>\nA\u011f\u0131rl\u0131k 176 g (6,21 oz)<br \/>\nSIM \u00c7ift SIM (Nano-SIM, \u00e7ift stand-by)<br \/>\nEKRAN Tipi AMOLED, 68B renk, 120Hz, Dolby Vision, HDR10+, 1100 nit (tepe noktas\u0131)<br \/>\nBoyut 6,28 in\u00e7, 95,2 cm2 (~%89,2 ekran-g\u00f6vde oran\u0131)<br \/>\n\u00c7\u00f6z\u00fcn\u00fcrl\u00fck 1080 x 2400 piksel, 20:9 oran (~419 ppi yo\u011funluk)<br \/>\nKoruma Corning Gorilla Glass Victus<br \/>\nPLATFORM \u0130\u015fletim Sistemi Android 11, MIUI 13<br \/>\nYonga Seti Qualcomm SM8250-AC Snapdragon 870 5G (7 nm)<br \/>\nCPU Sekiz \u00e7ekirdekli (1&#215;3,2 GHz Kryo 585 &amp; 3&#215;2,42 GHz Kryo 585 &amp; 4&#215;1,80 GHz Kryo 585)<br \/>\nGPU Adreno 650<br \/>\nBELLEK Kart yuvas\u0131 Hay\u0131r<br \/>\nDahili 128GB 8GB RAM, 256GB 8GB RAM, 256GB 12GB RAM<br \/>\nUFS 3.1<br \/>\nANA KAMERA \u00dc\u00e7l\u00fc 50 MP, f\/1.9, 26mm (geni\u015f), 1\/1.56&#8243;, 1.0\u00b5m, PDAF, OIS<br \/>\n13 MP, f\/2.4, 12mm, 123\u02da (ultra geni\u015f), 1\/3.06&#8243;, 1.12\u00b5m<br \/>\n5 MP, f\/2,4, 50 mm (telefoto makro), AF<br \/>\n\u00d6zellikler \u00c7ift LED \u00e7ift tonlu fla\u015f, HDR, panorama<br \/>\nVideo 8K@24fps, 4K@30\/60fps, 1080p@30\/120\/240\/960fps, gyro-EIS<br \/>\nSELFIE KAMERA Tek 32 MP, f\/2,5, 26 mm (geni\u015f), 0,7\u00b5m<br \/>\n\u00d6zellikler HDR, panorama<br \/>\nVideo 1080p@30\/60fps, 720p@120fps, HDR<br \/>\nSES Hoparl\u00f6r Evet, stereo hoparl\u00f6rler ile<br \/>\n3,5 mm jak Hay\u0131r<br \/>\n24-bit\/192kHz Hi-Res ses<br \/>\nHarman Kardon taraf\u0131ndan ayarland\u0131<br \/>\nCOMMS WLAN Wi-Fi 802.11 a\/b\/g\/n\/ac, Wi-Fi 6 (pazara ba\u011fl\u0131), \u00e7ift bant, Wi-Fi Direct<br \/>\nBluetooth 5.1 \/ 5.2, A2DP, LE<br \/>\nKonumland\u0131rma GPS (L1+L5), GLONASS (L1), BDS (B1I+B1c+B2a), GALILEO (E1+E5a), QZSS (L1+L5), NavIC (L5)<br \/>\nNFC Evet (pazara\/b\u00f6lgeye ba\u011fl\u0131)<br \/>\nK\u0131z\u0131l\u00f6tesi ba\u011flant\u0131 noktas\u0131 Evet<br \/>\nRadyo Hay\u0131r<br \/>\nUSB USB Tip-C 2.0, OTG<br \/>\n\u00d6ZELL\u0130KLER Sens\u00f6rler Parmak izi (ekran alt\u0131, optik), ivme\u00f6l\u00e7er, yak\u0131nl\u0131k, jiroskop, pusula<br \/>\nBATARYA Tipi Li-Po 4500 mAh, \u00e7\u0131kar\u0131lamaz<br \/>\n67W kablolu, PD3.0, QC4, 39 dakikada %100 \u015farj (reklam\u0131 yap\u0131ld\u0131)<br \/>\nMISC Renkler Gri, Mavi, Mor<br \/>\nModeller 2112123AC, 2112123AG<br \/>\nSAR AB 0,59 W\/kg (ba\u015f) 1,00 W\/kg (v\u00fccut)<br \/>\nFiyat 429,99 $ \/ 379,00 \u20ac \/ 496,23 \u00a3<br \/>\nTESTLER Performans AnTuTu: 598003 (v8), 690298 (v9)<br \/>\nGeekBench: 3168 (v5.1)<br \/>\nGFXBench: 47 fps (ES 3.1 ekran \u00fczerinde)<br \/>\nEkran Kontrast oran\u0131: Sonsuz (nominal)<br \/>\nKamera Foto\u011fraf \/ Video<br \/>\nHoparl\u00f6r -25,6 LUFS (\u00c7ok iyi)<br \/>\nAk\u00fc (eski)<br \/>\nDayan\u0131kl\u0131l\u0131k derecesi 105h<\/p>\n<p>&nbsp;<\/p>\n","protected":false},"excerpt":{"rendered":"<p>A\u011e Teknolojisi GSM \/ CDMA \/ HSPA \/ EVDO \/ LTE \/ 5G LANSMAN 2021, 28 Aral\u0131k&#8217;ta A\u00e7\u0131kland\u0131 Mevcut Durum.<\/p>\n","protected":false},"featured_media":13116,"template":"","meta":{"_acf_changed":false},"product_cat":[143,142],"product_tag":[467,468,576,469,466],"class_list":{"0":"post-13115","1":"product","2":"type-product","3":"status-publish","4":"has-post-thumbnail","6":"product_cat-akilli-telefonlar","7":"product_cat-mobil-cihazlar","8":"product_tag-12x","9":"product_tag-mi-12x","10":"product_tag-tekno47o","11":"product_tag-xiaomi-12","12":"product_tag-xiaomi-12x","14":"first","15":"outofstock","16":"sale","17":"shipping-taxable","18":"purchasable","19":"product-type-variable","20":"has-default-attributes"},"exclude_global_add_ons":[],"addons":[],"acf":{"kayit":"Yok - Belli De\u011fil","sifirlama":"Evet","guncelleme":"Evet","surum":"Global","kutu":"Orijinal Kutu i\u00e7eri\u011fi","tumu_g":false,"kayit_g":false,"sfirilama_g":false,"guncelleme_g":false,"surum_g":false,"kutu_g":false},"aioseo_notices":[],"_links":{"self":[{"href":"https:\/\/tekno47.com\/en\/wp-json\/wp\/v2\/product\/13115","targetHints":{"allow":["GET"]}}],"collection":[{"href":"https:\/\/tekno47.com\/en\/wp-json\/wp\/v2\/product"}],"about":[{"href":"https:\/\/tekno47.com\/en\/wp-json\/wp\/v2\/types\/product"}],"version-history":[{"count":0,"href":"https:\/\/tekno47.com\/en\/wp-json\/wp\/v2\/product\/13115\/revisions"}],"wp:featuredmedia":[{"embeddable":true,"href":"https:\/\/tekno47.com\/en\/wp-json\/wp\/v2\/media\/13116"}],"wp:attachment":[{"href":"https:\/\/tekno47.com\/en\/wp-json\/wp\/v2\/media?parent=13115"}],"wp:term":[{"taxonomy":"product_cat","embeddable":true,"href":"https:\/\/tekno47.com\/en\/wp-json\/wp\/v2\/product_cat?post=13115"},{"taxonomy":"product_tag","embeddable":true,"href":"https:\/\/tekno47.com\/en\/wp-json\/wp\/v2\/product_tag?post=13115"}],"curies":[{"name":"wp","href":"https:\/\/api.w.org\/{rel}","templated":true}]}}