{"id":13184,"date":"2024-01-06T12:58:15","date_gmt":"2024-01-06T09:58:15","guid":{"rendered":"https:\/\/grey-bison-235315.hostingersite.com\/?post_type=product&#038;p=13184"},"modified":"2025-05-08T01:49:21","modified_gmt":"2025-05-07T22:49:21","slug":"xiaomi-13-pro","status":"publish","type":"product","link":"https:\/\/tekno47.com\/en\/urun\/xiaomi-13-pro\/","title":{"rendered":"Xiaomi 13 Pro"},"content":{"rendered":"<p>A\u011e Teknolojisi<br \/>\nGSM \/ CDMA \/ HSPA \/ CDMA2000 \/ LTE \/ 5G<br \/>\nLANSMAN A\u00e7\u0131kland\u0131 2022, 11 Aral\u0131k<br \/>\nMevcut Durum. 2022, 14 Aral\u0131k&#8217;ta yay\u0131nland\u0131<br \/>\nG\u00d6VDE Boyutlar\u0131 162,9 x 74,6 x 8,4 mm veya 8,7 mm<br \/>\nA\u011f\u0131rl\u0131k 210 g veya 229 g (7,41 oz)<br \/>\nYap\u0131 Cam \u00f6n (Gorilla Glass Victus), seramik arka veya silikon polimer arka, al\u00fcminyum \u00e7er\u00e7eve<br \/>\nSIM Nano-SIM ve eSIM veya \u00c7ift SIM (Nano-SIM, \u00e7ift stand-by)<br \/>\nIP68 toza\/suya dayan\u0131kl\u0131 (30 dakika boyunca 1,5 m&#8217;ye kadar)<br \/>\nEKRAN Tipi LTPO AMOLED, 1B renk, 120Hz, Dolby Vision, HDR10+, 1200 nit (HBM), 1900 nit (tepe)<br \/>\nBoyut 6,73 in\u00e7, 108,9 cm2 (~%89,6 ekran-g\u00f6vde oran\u0131)<br \/>\n\u00c7\u00f6z\u00fcn\u00fcrl\u00fck 1440 x 3200 piksel, 20:9 oran (~522 ppi yo\u011funluk)<br \/>\nKoruma Corning Gorilla Glass Victus<br \/>\nPLATFORM \u0130\u015eLET\u0130M S\u0130STEM\u0130 Android 13, Android 14&#8217;e y\u00fckseltilebilir, MIUI 14<br \/>\nYonga Seti Qualcomm SM8550-AB Snapdragon 8 Gen 2 (4 nm)<br \/>\nCPU Sekiz \u00e7ekirdekli (1&#215;3,2 GHz Cortex-X3 &amp; 2&#215;2,8 GHz Cortex-A715 &amp; 2&#215;2,8 GHz Cortex-A710 &amp; 3&#215;2,0 GHz Cortex-A510)<br \/>\nGPU Adreno 740<br \/>\nBELLEK Kart yuvas\u0131 Hay\u0131r<br \/>\nDahili 128GB 8GB RAM, 256GB 8GB RAM, 256GB 12GB RAM, 512GB 12GB RAM<br \/>\nUFS 3.1 &#8211; 128GB<br \/>\nUFS 4.0 &#8211; 256\/512GB<br \/>\nANA KAMERA \u00dc\u00e7l\u00fc 50,3 MP, f\/1,9, 23mm (geni\u015f), 1,0&#8243;-tipi, 1,6\u00b5m, \u00c7ift Piksel PDAF, Lazer AF, OIS<br \/>\n50 MP, f\/2.0, 75mm (telefoto), PDAF (10cm &#8211; \u221e), 3.2x optik zoom<br \/>\n50 MP, f\/2.2, 14mm, 115\u02da (ultra geni\u015f), AF<br \/>\nLeica lens, \u00c7ift LED \u00e7ift tonlu fla\u015f, HDR, panorama \u00f6zellikleri<br \/>\nVideo 8K@24fps (HDR), 4K@24\/30\/60fps (HDR10+, 10-bit Dolby Vision HDR, 10-bit LOG), 1080p@30\/120\/240\/960fps, 1080p@1920fps, gyro-EIS<br \/>\nSELFIE KAMERA Tek 32 MP, f\/2.0, 22mm (geni\u015f), 1\/3.14&#8243;, 0.7\u00b5m<br \/>\n\u00d6zellikler HDR, panorama<br \/>\nVideo 1080p@30fps<br \/>\nSES Hoparl\u00f6r Evet, stereo hoparl\u00f6rler ile<br \/>\n3,5 mm jak Hay\u0131r<br \/>\n24-bit\/192kHz Hi-Res ses<br \/>\nSnapdragon Ses<br \/>\nCOMMS WLAN Wi-Fi 802.11 a\/b\/g\/n\/ac\/6e, \u00e7ift bant, Wi-Fi Direct<br \/>\nBluetooth 5.3, A2DP, aptX HD, aptX Adaptive<br \/>\nKonumland\u0131rma GPS (L1+L5), GLONASS (G1), BDS (B1I+B1c+B2a), GALILEO (E1+E5a), QZSS (L1+L5), NavIC (L5)<br \/>\nNFC Evet<br \/>\nK\u0131z\u0131l\u00f6tesi ba\u011flant\u0131 noktas\u0131 Evet<br \/>\nRadyo Hay\u0131r<br \/>\nUSB USB Tip-C 2.0, OTG<br \/>\n\u00d6ZELL\u0130KLER Sens\u00f6rler Parmak izi (ekran alt\u0131, optik), ivme\u00f6l\u00e7er, yak\u0131nl\u0131k, jiro, pusula, barometre, renk spektrumu<br \/>\nBATARYA Tipi Li-Po 4820 mAh, \u00e7\u0131kar\u0131lamaz<br \/>\n120W kablolu, PD3.0, QC4, 19 dakikada %100 \u015farj (reklam\u0131 yap\u0131ld\u0131)<br \/>\n50W kablosuz, 36 dakikada %100 (reklam\u0131 yap\u0131ld\u0131)<br \/>\n10W ters kablosuz<br \/>\nMISC Renkler Seramik Beyaz, Seramik Siyah, Seramik Flora Ye\u015fili, Da\u011f Mavisi<br \/>\nModeller 2210132G, 2210132C<br \/>\nTESTLER Performans AnTuTu: 1281666 (v9)<br \/>\nGeekBench: 5087 (v5.1), 5323 (v6)<br \/>\nGFXBench: 64 fps (ES 3.1 ekran \u00fczerinde)<br \/>\nEkran Kontrast oran\u0131: Sonsuz (nominal)<br \/>\nKamera Foto\u011fraf \/ Video<br \/>\nHoparl\u00f6r -25,6 LUFS (\u00c7ok iyi)<br \/>\nAk\u00fc (yeni)<br \/>\nAktif kullan\u0131m puan\u0131 10:55h<br \/>\nAk\u00fc (eski)<br \/>\nDayan\u0131kl\u0131l\u0131k derecesi 115h<\/p>\n","protected":false},"excerpt":{"rendered":"<p>A\u011e Teknolojisi GSM \/ CDMA \/ HSPA \/ CDMA2000 \/ LTE \/ 5G LANSMAN A\u00e7\u0131kland\u0131 2022, 11 Aral\u0131k Mevcut Durum.<\/p>\n","protected":false},"featured_media":13185,"template":"","meta":{"_acf_changed":false},"product_cat":[143,142],"product_tag":[345,471,346,576,470],"class_list":{"0":"post-13184","1":"product","2":"type-product","3":"status-publish","4":"has-post-thumbnail","6":"product_cat-akilli-telefonlar","7":"product_cat-mobil-cihazlar","8":"product_tag-13-pro","9":"product_tag-mi-13-pro","10":"product_tag-pro","11":"product_tag-tekno47o","12":"product_tag-xiaomi-13-pro","14":"first","15":"instock","16":"sale","17":"shipping-taxable","18":"purchasable","19":"product-type-variable","20":"has-default-attributes"},"exclude_global_add_ons":[],"addons":[],"acf":{"kayit":"Yok - Belli De\u011fil","sifirlama":"Evet","guncelleme":"Evet","surum":"Global Rom Y\u00fckl\u00fc","kutu":"Orijinal Kutu i\u00e7eri\u011fi","tumu_g":false,"kayit_g":false,"sfirilama_g":false,"guncelleme_g":false,"surum_g":false,"kutu_g":false},"aioseo_notices":[],"_links":{"self":[{"href":"https:\/\/tekno47.com\/en\/wp-json\/wp\/v2\/product\/13184","targetHints":{"allow":["GET"]}}],"collection":[{"href":"https:\/\/tekno47.com\/en\/wp-json\/wp\/v2\/product"}],"about":[{"href":"https:\/\/tekno47.com\/en\/wp-json\/wp\/v2\/types\/product"}],"version-history":[{"count":0,"href":"https:\/\/tekno47.com\/en\/wp-json\/wp\/v2\/product\/13184\/revisions"}],"wp:featuredmedia":[{"embeddable":true,"href":"https:\/\/tekno47.com\/en\/wp-json\/wp\/v2\/media\/13185"}],"wp:attachment":[{"href":"https:\/\/tekno47.com\/en\/wp-json\/wp\/v2\/media?parent=13184"}],"wp:term":[{"taxonomy":"product_cat","embeddable":true,"href":"https:\/\/tekno47.com\/en\/wp-json\/wp\/v2\/product_cat?post=13184"},{"taxonomy":"product_tag","embeddable":true,"href":"https:\/\/tekno47.com\/en\/wp-json\/wp\/v2\/product_tag?post=13184"}],"curies":[{"name":"wp","href":"https:\/\/api.w.org\/{rel}","templated":true}]}}