{"id":13856,"date":"2024-01-29T00:10:11","date_gmt":"2024-01-28T21:10:11","guid":{"rendered":"https:\/\/grey-bison-235315.hostingersite.com\/?post_type=product&#038;p=13856"},"modified":"2024-09-24T15:32:55","modified_gmt":"2024-09-24T12:32:55","slug":"samsung-super-fast-charging-25w-set-typ-c-to-typ-c","status":"publish","type":"product","link":"https:\/\/tekno47.com\/en\/urun\/samsung-super-fast-charging-25w-set-typ-c-to-typ-c\/","title":{"rendered":"Samsung Super Fast Charging 25W Set (Typ-c To Typ-c)"},"content":{"rendered":"","protected":false},"excerpt":{"rendered":"<p>\u00dcr\u00fcn Orjinal Samsung De\u011fildir !<\/p>\n<p>A kalite \u00fcr\u00fcnd\u00fcr.<\/p>\n<p>Cihaza zarar vermeyecek muadil \u00fcr\u00fcnd\u00fcr.<\/p>\n","protected":false},"featured_media":13857,"template":"","meta":{"_acf_changed":false},"product_cat":[145],"product_tag":[137],"class_list":{"0":"post-13856","1":"product","2":"type-product","3":"status-publish","4":"has-post-thumbnail","6":"product_cat-mobil-aksesuarlar","7":"product_tag-jiyan","9":"first","10":"instock","11":"sale","12":"shipping-taxable","13":"purchasable","14":"product-type-simple"},"exclude_global_add_ons":[],"addons":[],"acf":{"kayit":"Yok","sifirlama":"Hay\u0131r","guncelleme":"Hay\u0131r","surum":"Global Rom Y\u00fckl\u00fc","kutu":"Yok","tumu_g":true,"kayit_g":false,"sfirilama_g":false,"guncelleme_g":false,"surum_g":false,"kutu_g":false},"aioseo_notices":[],"_links":{"self":[{"href":"https:\/\/tekno47.com\/en\/wp-json\/wp\/v2\/product\/13856","targetHints":{"allow":["GET"]}}],"collection":[{"href":"https:\/\/tekno47.com\/en\/wp-json\/wp\/v2\/product"}],"about":[{"href":"https:\/\/tekno47.com\/en\/wp-json\/wp\/v2\/types\/product"}],"version-history":[{"count":0,"href":"https:\/\/tekno47.com\/en\/wp-json\/wp\/v2\/product\/13856\/revisions"}],"wp:featuredmedia":[{"embeddable":true,"href":"https:\/\/tekno47.com\/en\/wp-json\/wp\/v2\/media\/13857"}],"wp:attachment":[{"href":"https:\/\/tekno47.com\/en\/wp-json\/wp\/v2\/media?parent=13856"}],"wp:term":[{"taxonomy":"product_cat","embeddable":true,"href":"https:\/\/tekno47.com\/en\/wp-json\/wp\/v2\/product_cat?post=13856"},{"taxonomy":"product_tag","embeddable":true,"href":"https:\/\/tekno47.com\/en\/wp-json\/wp\/v2\/product_tag?post=13856"}],"curies":[{"name":"wp","href":"https:\/\/api.w.org\/{rel}","templated":true}]}}