{"id":19049,"date":"2024-10-07T13:46:58","date_gmt":"2024-10-07T10:46:58","guid":{"rendered":"https:\/\/grey-bison-235315.hostingersite.com\/?post_type=product&#038;p=19049"},"modified":"2024-10-07T13:55:12","modified_gmt":"2024-10-07T10:55:12","slug":"ikos-k6-apple-ipad-ipod-ios-bluetooth-cift-sim-adaptoru-telefon-aramalari-veri-internet-ve-sms-ikos-k6-cift-sim","status":"publish","type":"product","link":"https:\/\/tekno47.com\/en\/urun\/ikos-k6-apple-ipad-ipod-ios-bluetooth-cift-sim-adaptoru-telefon-aramalari-veri-internet-ve-sms-ikos-k6-cift-sim\/","title":{"rendered":"\u0130kos K6 Apple iPad iPod iOS Bluetooth \u00c7ift SIM Adapt\u00f6r\u00fc Telefon Aramalar\u0131 Veri \u0130nternet ve SMS IKOS K6 \u00c7ift Sim"},"content":{"rendered":"<div class=\"fusion-layout-column fusion_builder_column fusion-builder-column-9 fusion_builder_column_1_1 1_1 fusion-flex-column fusion-animated\" data-animationtype=\"fadeInUp\" data-animationduration=\"1.3\" data-animationoffset=\"top-into-view\">\n<div class=\"fusion-column-wrapper fusion-column-has-shadow fusion-flex-justify-content-flex-start fusion-content-layout-column\">\n<div class=\"fusion-content-tb fusion-content-tb-1\">\n<p>IKOS K6 IPhone \/ IPad i\u00e7in \u00c7ift Sim \u00c7ift Bekleme Adapt\u00f6r\u00fc (Beyaz)<\/p>\n<p>1. \u00c7ift SIM kart adapt\u00f6r\u00fc, bir telefon birden fazla SIM kart\u0131 y\u00f6netir<br \/>\n2. \u00c7ok i\u015flevli adapt\u00f6r, veri payla\u015f\u0131m\u0131, mesaj \u00e7a\u011fr\u0131s\u0131, bulut push, kay\u0131p alarm\u0131, GPS konumu vb. ger\u00e7ekle\u015ftirebilir.<br \/>\n3. \u0130\u015f ve ya\u015fam\u0131 dengeleyin, bir iPhone birden fazla SIM kart\u0131 kontrol eder, farkl\u0131 SIM kartlar farkl\u0131 senaryolar\u0131 ele al\u0131r<br \/>\n4. 2 SIM&#8217;e kadar destek, SIM 1 Veri ve Aramay\u0131 destekler, SIM 2 Aramay\u0131 destekler<br \/>\n5. APP&#8217;deki SIM kart veri payla\u015f\u0131m d\u00fc\u011fmesini istedi\u011finiz zaman a\u00e7\u0131p kapatabilirsiniz, kullan\u0131m\u0131 kolayd\u0131r<br \/>\n6. Dengeli pil kapasitesi ve \u00fcr\u00fcn boyutu tasar\u0131m\u0131, hafif ve kompakt, ta\u015f\u0131mas\u0131 kolay<br \/>\n7. SIM-Plus APP i\u015flevler a\u00e7\u0131s\u0131ndan zengin, performans a\u00e7\u0131s\u0131ndan istikrarl\u0131, aray\u00fcz tasar\u0131m\u0131 a\u00e7\u0131s\u0131ndan net, kullan\u0131m\u0131 kolay ve birden \u00e7ok dili destekliyor<br \/>\n8. Ayn\u0131 anda \u00e7evrimi\u00e7i \u00e7ift SIM kart, Bluetooth d\u00fc\u015f\u00fck g\u00fc\u00e7 ba\u011flant\u0131s\u0131, ayn\u0131 anda \u00e7evrimi\u00e7i \u00e7ift SIM kart<\/p>\n<p>Parametre a\u00e7\u0131klamas\u0131:<br \/>\n1. \u00d6zellikler: iki SIM kart yuvas\u0131 (2 Nano SIM kart)<br \/>\n2. Frekans: GSM 850 \/ 900 \/ 1800 \/ 1900 MHz<br \/>\n3. WCDMA: (Bant-1) 2100Mhz &#8211; (Bant-2) 1900Mhz (Bant-5) 850Mhz &#8211; (Bant-8) 900Mhz<br \/>\n4. A\u011f: GSM GPRS EDGE UMTS HSDPA 3G WCDMA<br \/>\n5. A\u011f h\u0131z\u0131: 7.2M bps&#8217;ye kadar<br \/>\n6. H\u00fccresel \u00e7oklu SIM WiFi MiFi y\u00f6nlendirici: 2,4 GHz B\/G\/N<br \/>\n7. Bluetooth 4.0 (ba\u011flant\u0131 mesafesi: 10-15 m)<br \/>\n8. Pil kapasitesi: 3000mAh<br \/>\n9. Bekleme s\u00fcresi: yakla\u015f\u0131k 15-20 g\u00fcn<br \/>\n10. Konu\u015fma s\u00fcresi (arama\/SMS): yakla\u015f\u0131k 18-24 saat<br \/>\n11. Veri eri\u015fim s\u00fcresi: yakla\u015f\u0131k 5-8 saat<br \/>\n12. Desteklenen diller: \u0130ngilizce \/ Frans\u0131zca \/ Almanca \/ \u0130talyanca \/ \u0130spanyolca \/ Arap\u00e7a \/ Rus\u00e7a \/ Vietnamca \/ Japonca \/ \u00c7ince \/ Korece \/ T\u00fcrk\u00e7e \/ Felemenk\u00e7e<br \/>\n13. Destek kredi kart\u0131 boyutu: yakla\u015f\u0131k 100 x 65 x 10 mm<br \/>\n14. A\u011f\u0131rl\u0131k: yakla\u015f\u0131k 85g<\/p>\n<p>&nbsp;<\/p>\n<p><img fetchpriority=\"high\" decoding=\"async\" class=\"aligncenter wp-image-1096 size-full lazyautosizes ls-is-cached lazyloaded\" src=\"https:\/\/ikosuae.com\/wp-content\/uploads\/2024\/03\/TBD06040552_B9.jpg\" sizes=\"750px\" srcset=\"https:\/\/ikosuae.com\/wp-content\/uploads\/2024\/03\/TBD06040552_B9-66x66.jpg 66w, https:\/\/ikosuae.com\/wp-content\/uploads\/2024\/03\/TBD06040552_B9-150x150.jpg 150w, https:\/\/ikosuae.com\/wp-content\/uploads\/2024\/03\/TBD06040552_B9-200x200.jpg 200w, https:\/\/ikosuae.com\/wp-content\/uploads\/2024\/03\/TBD06040552_B9-300x300.jpg 300w, https:\/\/ikosuae.com\/wp-content\/uploads\/2024\/03\/TBD06040552_B9-400x400.jpg 400w, https:\/\/ikosuae.com\/wp-content\/uploads\/2024\/03\/TBD06040552_B9-500x500.jpg 500w, https:\/\/ikosuae.com\/wp-content\/uploads\/2024\/03\/TBD06040552_B9-600x600.jpg 600w, https:\/\/ikosuae.com\/wp-content\/uploads\/2024\/03\/TBD06040552_B9-700x700.jpg 700w, https:\/\/ikosuae.com\/wp-content\/uploads\/2024\/03\/TBD06040552_B9.jpg 750w\" alt=\"\" width=\"750\" height=\"750\" data-orig-src=\"https:\/\/ikosuae.com\/wp-content\/uploads\/2024\/03\/TBD06040552_B9.jpg\" data-srcset=\"https:\/\/ikosuae.com\/wp-content\/uploads\/2024\/03\/TBD06040552_B9-66x66.jpg 66w, https:\/\/ikosuae.com\/wp-content\/uploads\/2024\/03\/TBD06040552_B9-150x150.jpg 150w, https:\/\/ikosuae.com\/wp-content\/uploads\/2024\/03\/TBD06040552_B9-200x200.jpg 200w, https:\/\/ikosuae.com\/wp-content\/uploads\/2024\/03\/TBD06040552_B9-300x300.jpg 300w, https:\/\/ikosuae.com\/wp-content\/uploads\/2024\/03\/TBD06040552_B9-400x400.jpg 400w, https:\/\/ikosuae.com\/wp-content\/uploads\/2024\/03\/TBD06040552_B9-500x500.jpg 500w, https:\/\/ikosuae.com\/wp-content\/uploads\/2024\/03\/TBD06040552_B9-600x600.jpg 600w, https:\/\/ikosuae.com\/wp-content\/uploads\/2024\/03\/TBD06040552_B9-700x700.jpg 700w, https:\/\/ikosuae.com\/wp-content\/uploads\/2024\/03\/TBD06040552_B9.jpg 750w\" data-sizes=\"auto\" data-orig-sizes=\"(max-width: 750px) 100vw, 750px\" \/><img decoding=\"async\" class=\"aligncenter wp-image-1097 size-full lazyautosizes ls-is-cached lazyloaded\" src=\"https:\/\/ikosuae.com\/wp-content\/uploads\/2024\/03\/TBD06040552_B3.jpg\" sizes=\"750px\" srcset=\"https:\/\/ikosuae.com\/wp-content\/uploads\/2024\/03\/TBD06040552_B3-66x66.jpg 66w, https:\/\/ikosuae.com\/wp-content\/uploads\/2024\/03\/TBD06040552_B3-150x150.jpg 150w, https:\/\/ikosuae.com\/wp-content\/uploads\/2024\/03\/TBD06040552_B3-200x200.jpg 200w, https:\/\/ikosuae.com\/wp-content\/uploads\/2024\/03\/TBD06040552_B3-300x300.jpg 300w, https:\/\/ikosuae.com\/wp-content\/uploads\/2024\/03\/TBD06040552_B3-400x400.jpg 400w, https:\/\/ikosuae.com\/wp-content\/uploads\/2024\/03\/TBD06040552_B3-500x500.jpg 500w, https:\/\/ikosuae.com\/wp-content\/uploads\/2024\/03\/TBD06040552_B3-600x600.jpg 600w, https:\/\/ikosuae.com\/wp-content\/uploads\/2024\/03\/TBD06040552_B3-700x700.jpg 700w, https:\/\/ikosuae.com\/wp-content\/uploads\/2024\/03\/TBD06040552_B3.jpg 750w\" alt=\"\" width=\"750\" height=\"750\" data-orig-src=\"https:\/\/ikosuae.com\/wp-content\/uploads\/2024\/03\/TBD06040552_B3.jpg\" data-srcset=\"https:\/\/ikosuae.com\/wp-content\/uploads\/2024\/03\/TBD06040552_B3-66x66.jpg 66w, https:\/\/ikosuae.com\/wp-content\/uploads\/2024\/03\/TBD06040552_B3-150x150.jpg 150w, https:\/\/ikosuae.com\/wp-content\/uploads\/2024\/03\/TBD06040552_B3-200x200.jpg 200w, https:\/\/ikosuae.com\/wp-content\/uploads\/2024\/03\/TBD06040552_B3-300x300.jpg 300w, https:\/\/ikosuae.com\/wp-content\/uploads\/2024\/03\/TBD06040552_B3-400x400.jpg 400w, https:\/\/ikosuae.com\/wp-content\/uploads\/2024\/03\/TBD06040552_B3-500x500.jpg 500w, https:\/\/ikosuae.com\/wp-content\/uploads\/2024\/03\/TBD06040552_B3-600x600.jpg 600w, https:\/\/ikosuae.com\/wp-content\/uploads\/2024\/03\/TBD06040552_B3-700x700.jpg 700w, https:\/\/ikosuae.com\/wp-content\/uploads\/2024\/03\/TBD06040552_B3.jpg 750w\" data-sizes=\"auto\" data-orig-sizes=\"(max-width: 750px) 100vw, 750px\" \/><img decoding=\"async\" class=\"aligncenter wp-image-1098 size-full lazyautosizes lazyloaded\" src=\"https:\/\/ikosuae.com\/wp-content\/uploads\/2024\/03\/TBD06040552_B4.jpg\" sizes=\"750px\" srcset=\"https:\/\/ikosuae.com\/wp-content\/uploads\/2024\/03\/TBD06040552_B4-66x66.jpg 66w, https:\/\/ikosuae.com\/wp-content\/uploads\/2024\/03\/TBD06040552_B4-150x150.jpg 150w, https:\/\/ikosuae.com\/wp-content\/uploads\/2024\/03\/TBD06040552_B4-200x200.jpg 200w, https:\/\/ikosuae.com\/wp-content\/uploads\/2024\/03\/TBD06040552_B4-300x300.jpg 300w, https:\/\/ikosuae.com\/wp-content\/uploads\/2024\/03\/TBD06040552_B4-400x400.jpg 400w, https:\/\/ikosuae.com\/wp-content\/uploads\/2024\/03\/TBD06040552_B4-500x500.jpg 500w, https:\/\/ikosuae.com\/wp-content\/uploads\/2024\/03\/TBD06040552_B4-600x600.jpg 600w, https:\/\/ikosuae.com\/wp-content\/uploads\/2024\/03\/TBD06040552_B4-700x700.jpg 700w, https:\/\/ikosuae.com\/wp-content\/uploads\/2024\/03\/TBD06040552_B4.jpg 750w\" alt=\"\" width=\"750\" height=\"750\" data-orig-src=\"https:\/\/ikosuae.com\/wp-content\/uploads\/2024\/03\/TBD06040552_B4.jpg\" data-srcset=\"https:\/\/ikosuae.com\/wp-content\/uploads\/2024\/03\/TBD06040552_B4-66x66.jpg 66w, https:\/\/ikosuae.com\/wp-content\/uploads\/2024\/03\/TBD06040552_B4-150x150.jpg 150w, https:\/\/ikosuae.com\/wp-content\/uploads\/2024\/03\/TBD06040552_B4-200x200.jpg 200w, https:\/\/ikosuae.com\/wp-content\/uploads\/2024\/03\/TBD06040552_B4-300x300.jpg 300w, https:\/\/ikosuae.com\/wp-content\/uploads\/2024\/03\/TBD06040552_B4-400x400.jpg 400w, https:\/\/ikosuae.com\/wp-content\/uploads\/2024\/03\/TBD06040552_B4-500x500.jpg 500w, https:\/\/ikosuae.com\/wp-content\/uploads\/2024\/03\/TBD06040552_B4-600x600.jpg 600w, https:\/\/ikosuae.com\/wp-content\/uploads\/2024\/03\/TBD06040552_B4-700x700.jpg 700w, https:\/\/ikosuae.com\/wp-content\/uploads\/2024\/03\/TBD06040552_B4.jpg 750w\" data-sizes=\"auto\" data-orig-sizes=\"(max-width: 750px) 100vw, 750px\" \/><img loading=\"lazy\" decoding=\"async\" class=\"aligncenter wp-image-1099 size-full lazyautosizes lazyloaded\" src=\"https:\/\/ikosuae.com\/wp-content\/uploads\/2024\/03\/TBD06040552_B2.jpg\" sizes=\"750px\" srcset=\"https:\/\/ikosuae.com\/wp-content\/uploads\/2024\/03\/TBD06040552_B2-66x66.jpg 66w, https:\/\/ikosuae.com\/wp-content\/uploads\/2024\/03\/TBD06040552_B2-150x150.jpg 150w, https:\/\/ikosuae.com\/wp-content\/uploads\/2024\/03\/TBD06040552_B2-200x200.jpg 200w, https:\/\/ikosuae.com\/wp-content\/uploads\/2024\/03\/TBD06040552_B2-300x300.jpg 300w, https:\/\/ikosuae.com\/wp-content\/uploads\/2024\/03\/TBD06040552_B2-400x400.jpg 400w, https:\/\/ikosuae.com\/wp-content\/uploads\/2024\/03\/TBD06040552_B2-500x500.jpg 500w, https:\/\/ikosuae.com\/wp-content\/uploads\/2024\/03\/TBD06040552_B2-600x600.jpg 600w, https:\/\/ikosuae.com\/wp-content\/uploads\/2024\/03\/TBD06040552_B2-700x700.jpg 700w, https:\/\/ikosuae.com\/wp-content\/uploads\/2024\/03\/TBD06040552_B2.jpg 750w\" alt=\"\" width=\"750\" height=\"750\" data-orig-src=\"https:\/\/ikosuae.com\/wp-content\/uploads\/2024\/03\/TBD06040552_B2.jpg\" data-srcset=\"https:\/\/ikosuae.com\/wp-content\/uploads\/2024\/03\/TBD06040552_B2-66x66.jpg 66w, https:\/\/ikosuae.com\/wp-content\/uploads\/2024\/03\/TBD06040552_B2-150x150.jpg 150w, https:\/\/ikosuae.com\/wp-content\/uploads\/2024\/03\/TBD06040552_B2-200x200.jpg 200w, https:\/\/ikosuae.com\/wp-content\/uploads\/2024\/03\/TBD06040552_B2-300x300.jpg 300w, https:\/\/ikosuae.com\/wp-content\/uploads\/2024\/03\/TBD06040552_B2-400x400.jpg 400w, https:\/\/ikosuae.com\/wp-content\/uploads\/2024\/03\/TBD06040552_B2-500x500.jpg 500w, https:\/\/ikosuae.com\/wp-content\/uploads\/2024\/03\/TBD06040552_B2-600x600.jpg 600w, https:\/\/ikosuae.com\/wp-content\/uploads\/2024\/03\/TBD06040552_B2-700x700.jpg 700w, https:\/\/ikosuae.com\/wp-content\/uploads\/2024\/03\/TBD06040552_B2.jpg 750w\" data-sizes=\"auto\" data-orig-sizes=\"(max-width: 750px) 100vw, 750px\" \/><img loading=\"lazy\" decoding=\"async\" class=\"aligncenter wp-image-1100 size-full lazyautosizes lazyloaded\" src=\"https:\/\/ikosuae.com\/wp-content\/uploads\/2024\/03\/TBD06040552_B8.jpg\" sizes=\"750px\" srcset=\"https:\/\/ikosuae.com\/wp-content\/uploads\/2024\/03\/TBD06040552_B8-66x66.jpg 66w, https:\/\/ikosuae.com\/wp-content\/uploads\/2024\/03\/TBD06040552_B8-150x150.jpg 150w, https:\/\/ikosuae.com\/wp-content\/uploads\/2024\/03\/TBD06040552_B8-200x200.jpg 200w, https:\/\/ikosuae.com\/wp-content\/uploads\/2024\/03\/TBD06040552_B8-300x300.jpg 300w, https:\/\/ikosuae.com\/wp-content\/uploads\/2024\/03\/TBD06040552_B8-400x400.jpg 400w, https:\/\/ikosuae.com\/wp-content\/uploads\/2024\/03\/TBD06040552_B8-500x500.jpg 500w, https:\/\/ikosuae.com\/wp-content\/uploads\/2024\/03\/TBD06040552_B8-600x600.jpg 600w, https:\/\/ikosuae.com\/wp-content\/uploads\/2024\/03\/TBD06040552_B8-700x700.jpg 700w, https:\/\/ikosuae.com\/wp-content\/uploads\/2024\/03\/TBD06040552_B8.jpg 750w\" alt=\"\" width=\"750\" height=\"750\" data-orig-src=\"https:\/\/ikosuae.com\/wp-content\/uploads\/2024\/03\/TBD06040552_B8.jpg\" data-srcset=\"https:\/\/ikosuae.com\/wp-content\/uploads\/2024\/03\/TBD06040552_B8-66x66.jpg 66w, https:\/\/ikosuae.com\/wp-content\/uploads\/2024\/03\/TBD06040552_B8-150x150.jpg 150w, https:\/\/ikosuae.com\/wp-content\/uploads\/2024\/03\/TBD06040552_B8-200x200.jpg 200w, https:\/\/ikosuae.com\/wp-content\/uploads\/2024\/03\/TBD06040552_B8-300x300.jpg 300w, https:\/\/ikosuae.com\/wp-content\/uploads\/2024\/03\/TBD06040552_B8-400x400.jpg 400w, https:\/\/ikosuae.com\/wp-content\/uploads\/2024\/03\/TBD06040552_B8-500x500.jpg 500w, https:\/\/ikosuae.com\/wp-content\/uploads\/2024\/03\/TBD06040552_B8-600x600.jpg 600w, https:\/\/ikosuae.com\/wp-content\/uploads\/2024\/03\/TBD06040552_B8-700x700.jpg 700w, https:\/\/ikosuae.com\/wp-content\/uploads\/2024\/03\/TBD06040552_B8.jpg 750w\" data-sizes=\"auto\" data-orig-sizes=\"(max-width: 750px) 100vw, 750px\" \/><img loading=\"lazy\" decoding=\"async\" class=\"aligncenter wp-image-1101 size-full lazyautosizes ls-is-cached lazyloaded\" src=\"https:\/\/ikosuae.com\/wp-content\/uploads\/2024\/03\/TBD06040552_B7.jpg\" sizes=\"750px\" srcset=\"https:\/\/ikosuae.com\/wp-content\/uploads\/2024\/03\/TBD06040552_B7-66x66.jpg 66w, https:\/\/ikosuae.com\/wp-content\/uploads\/2024\/03\/TBD06040552_B7-150x150.jpg 150w, https:\/\/ikosuae.com\/wp-content\/uploads\/2024\/03\/TBD06040552_B7-200x200.jpg 200w, https:\/\/ikosuae.com\/wp-content\/uploads\/2024\/03\/TBD06040552_B7-300x300.jpg 300w, https:\/\/ikosuae.com\/wp-content\/uploads\/2024\/03\/TBD06040552_B7-400x400.jpg 400w, https:\/\/ikosuae.com\/wp-content\/uploads\/2024\/03\/TBD06040552_B7-500x500.jpg 500w, https:\/\/ikosuae.com\/wp-content\/uploads\/2024\/03\/TBD06040552_B7-600x600.jpg 600w, https:\/\/ikosuae.com\/wp-content\/uploads\/2024\/03\/TBD06040552_B7-700x700.jpg 700w, https:\/\/ikosuae.com\/wp-content\/uploads\/2024\/03\/TBD06040552_B7.jpg 750w\" alt=\"\" width=\"750\" height=\"750\" data-orig-src=\"https:\/\/ikosuae.com\/wp-content\/uploads\/2024\/03\/TBD06040552_B7.jpg\" data-srcset=\"https:\/\/ikosuae.com\/wp-content\/uploads\/2024\/03\/TBD06040552_B7-66x66.jpg 66w, https:\/\/ikosuae.com\/wp-content\/uploads\/2024\/03\/TBD06040552_B7-150x150.jpg 150w, https:\/\/ikosuae.com\/wp-content\/uploads\/2024\/03\/TBD06040552_B7-200x200.jpg 200w, https:\/\/ikosuae.com\/wp-content\/uploads\/2024\/03\/TBD06040552_B7-300x300.jpg 300w, https:\/\/ikosuae.com\/wp-content\/uploads\/2024\/03\/TBD06040552_B7-400x400.jpg 400w, https:\/\/ikosuae.com\/wp-content\/uploads\/2024\/03\/TBD06040552_B7-500x500.jpg 500w, https:\/\/ikosuae.com\/wp-content\/uploads\/2024\/03\/TBD06040552_B7-600x600.jpg 600w, https:\/\/ikosuae.com\/wp-content\/uploads\/2024\/03\/TBD06040552_B7-700x700.jpg 700w, https:\/\/ikosuae.com\/wp-content\/uploads\/2024\/03\/TBD06040552_B7.jpg 750w\" data-sizes=\"auto\" data-orig-sizes=\"(max-width: 750px) 100vw, 750px\" \/><img loading=\"lazy\" decoding=\"async\" class=\"aligncenter wp-image-1102 size-full lazyautosizes ls-is-cached lazyloaded\" src=\"https:\/\/ikosuae.com\/wp-content\/uploads\/2024\/03\/TBD06040552_B6.jpg\" sizes=\"750px\" srcset=\"https:\/\/ikosuae.com\/wp-content\/uploads\/2024\/03\/TBD06040552_B6-66x66.jpg 66w, https:\/\/ikosuae.com\/wp-content\/uploads\/2024\/03\/TBD06040552_B6-150x150.jpg 150w, https:\/\/ikosuae.com\/wp-content\/uploads\/2024\/03\/TBD06040552_B6-200x200.jpg 200w, https:\/\/ikosuae.com\/wp-content\/uploads\/2024\/03\/TBD06040552_B6-300x300.jpg 300w, https:\/\/ikosuae.com\/wp-content\/uploads\/2024\/03\/TBD06040552_B6-400x400.jpg 400w, https:\/\/ikosuae.com\/wp-content\/uploads\/2024\/03\/TBD06040552_B6-500x500.jpg 500w, https:\/\/ikosuae.com\/wp-content\/uploads\/2024\/03\/TBD06040552_B6-600x600.jpg 600w, https:\/\/ikosuae.com\/wp-content\/uploads\/2024\/03\/TBD06040552_B6-700x700.jpg 700w, https:\/\/ikosuae.com\/wp-content\/uploads\/2024\/03\/TBD06040552_B6.jpg 750w\" alt=\"\" width=\"750\" height=\"750\" data-orig-src=\"https:\/\/ikosuae.com\/wp-content\/uploads\/2024\/03\/TBD06040552_B6.jpg\" data-srcset=\"https:\/\/ikosuae.com\/wp-content\/uploads\/2024\/03\/TBD06040552_B6-66x66.jpg 66w, https:\/\/ikosuae.com\/wp-content\/uploads\/2024\/03\/TBD06040552_B6-150x150.jpg 150w, https:\/\/ikosuae.com\/wp-content\/uploads\/2024\/03\/TBD06040552_B6-200x200.jpg 200w, https:\/\/ikosuae.com\/wp-content\/uploads\/2024\/03\/TBD06040552_B6-300x300.jpg 300w, https:\/\/ikosuae.com\/wp-content\/uploads\/2024\/03\/TBD06040552_B6-400x400.jpg 400w, https:\/\/ikosuae.com\/wp-content\/uploads\/2024\/03\/TBD06040552_B6-500x500.jpg 500w, https:\/\/ikosuae.com\/wp-content\/uploads\/2024\/03\/TBD06040552_B6-600x600.jpg 600w, https:\/\/ikosuae.com\/wp-content\/uploads\/2024\/03\/TBD06040552_B6-700x700.jpg 700w, https:\/\/ikosuae.com\/wp-content\/uploads\/2024\/03\/TBD06040552_B6.jpg 750w\" data-sizes=\"auto\" data-orig-sizes=\"(max-width: 750px) 100vw, 750px\" \/><img loading=\"lazy\" decoding=\"async\" class=\"aligncenter wp-image-1103 size-full lazyautosizes ls-is-cached lazyloaded\" src=\"https:\/\/ikosuae.com\/wp-content\/uploads\/2024\/03\/TBD06040552_B5.jpg\" sizes=\"750px\" srcset=\"https:\/\/ikosuae.com\/wp-content\/uploads\/2024\/03\/TBD06040552_B5-66x66.jpg 66w, https:\/\/ikosuae.com\/wp-content\/uploads\/2024\/03\/TBD06040552_B5-150x150.jpg 150w, https:\/\/ikosuae.com\/wp-content\/uploads\/2024\/03\/TBD06040552_B5-200x200.jpg 200w, https:\/\/ikosuae.com\/wp-content\/uploads\/2024\/03\/TBD06040552_B5-300x300.jpg 300w, https:\/\/ikosuae.com\/wp-content\/uploads\/2024\/03\/TBD06040552_B5-400x400.jpg 400w, https:\/\/ikosuae.com\/wp-content\/uploads\/2024\/03\/TBD06040552_B5-500x500.jpg 500w, https:\/\/ikosuae.com\/wp-content\/uploads\/2024\/03\/TBD06040552_B5-600x600.jpg 600w, https:\/\/ikosuae.com\/wp-content\/uploads\/2024\/03\/TBD06040552_B5-700x700.jpg 700w, https:\/\/ikosuae.com\/wp-content\/uploads\/2024\/03\/TBD06040552_B5.jpg 750w\" alt=\"\" width=\"750\" height=\"750\" data-orig-src=\"https:\/\/ikosuae.com\/wp-content\/uploads\/2024\/03\/TBD06040552_B5.jpg\" data-srcset=\"https:\/\/ikosuae.com\/wp-content\/uploads\/2024\/03\/TBD06040552_B5-66x66.jpg 66w, https:\/\/ikosuae.com\/wp-content\/uploads\/2024\/03\/TBD06040552_B5-150x150.jpg 150w, https:\/\/ikosuae.com\/wp-content\/uploads\/2024\/03\/TBD06040552_B5-200x200.jpg 200w, https:\/\/ikosuae.com\/wp-content\/uploads\/2024\/03\/TBD06040552_B5-300x300.jpg 300w, https:\/\/ikosuae.com\/wp-content\/uploads\/2024\/03\/TBD06040552_B5-400x400.jpg 400w, https:\/\/ikosuae.com\/wp-content\/uploads\/2024\/03\/TBD06040552_B5-500x500.jpg 500w, https:\/\/ikosuae.com\/wp-content\/uploads\/2024\/03\/TBD06040552_B5-600x600.jpg 600w, https:\/\/ikosuae.com\/wp-content\/uploads\/2024\/03\/TBD06040552_B5-700x700.jpg 700w, https:\/\/ikosuae.com\/wp-content\/uploads\/2024\/03\/TBD06040552_B5.jpg 750w\" data-sizes=\"auto\" data-orig-sizes=\"(max-width: 750px) 100vw, 750px\" \/><\/p>\n<\/div>\n<\/div>\n<\/div>\n","protected":false},"excerpt":{"rendered":"<p><label class=\"flex flex-row justify-between text-lg md:text-2xl font-semibold py-3\" for=\"tab-description\" data-scrollable-menu=\"\" data-id=\"description\" data-v-10fa7674=\"\"><span data-v-10fa7674=\"\">\u00dcr\u00fcn A\u00e7\u0131klamalar\u0131<\/span><\/label><\/p>\n<p><span style=\"color: #ff0000;\"><strong>KAPANAN C\u0130HAZLAR \u0130\u00c7\u0130N \u015eEBEKE SA\u011eLAYICI IKOS K6 \u00c7\u0130FT HAT &#8211; Cep Telefonu \u00c7evirici &amp; D\u00f6n\u00fc\u015ft\u00fcr\u00fcc\u00fc<\/strong><\/span><\/p>\n<div class=\"tab-content overflow-hidden\" data-v-10fa7674=\"\">\n<div class=\"leading-normal no-normalize\" data-v-10fa7674=\"\">\n<div class=\"mb-2\" data-v-10fa7674=\"\">Apple iPad iPod iOS Sistemi ile Uyumlu Bluetooth \u00c7ift SIM Adapt\u00f6r\u00fc Y\u00fcksek Kararl\u0131 Telefon Aramalar\u0131 Veri \u0130nternet ve SMS IKOS K6 \u00c7ift Sim Adapt\u00f6r\u00fc iPhone i\u00e7in 4G Deste\u011fi Ile Aktif 2 SIM Kart<\/div>\n<\/div>\n<\/div>\n","protected":false},"featured_media":19056,"template":"","meta":{"_acf_changed":false},"product_cat":[150,145,142],"product_tag":[524,647,646,650,649,242,648,576],"class_list":{"0":"post-19049","1":"product","2":"type-product","3":"status-publish","4":"has-post-thumbnail","6":"product_cat-giyilebilir-teknoloji","7":"product_cat-mobil-aksesuarlar","8":"product_cat-mobil-cihazlar","9":"product_tag-ahmetmardin","10":"product_tag-ikos","11":"product_tag-ikos-k6","12":"product_tag-ikosk6","13":"product_tag-ikus","14":"product_tag-iphone","15":"product_tag-k6","16":"product_tag-tekno47o","18":"first","19":"instock","20":"sale","21":"shipping-taxable","22":"purchasable","23":"product-type-variable","24":"has-default-attributes"},"exclude_global_add_ons":[],"addons":[],"acf":{"kayit":"Yok","sifirlama":"Hay\u0131r","guncelleme":"Hay\u0131r","surum":"Global Rom Y\u00fckl\u00fc","kutu":"Yok","tumu_g":true,"kayit_g":false,"sfirilama_g":false,"guncelleme_g":false,"surum_g":false,"kutu_g":false},"aioseo_notices":[],"_links":{"self":[{"href":"https:\/\/tekno47.com\/en\/wp-json\/wp\/v2\/product\/19049","targetHints":{"allow":["GET"]}}],"collection":[{"href":"https:\/\/tekno47.com\/en\/wp-json\/wp\/v2\/product"}],"about":[{"href":"https:\/\/tekno47.com\/en\/wp-json\/wp\/v2\/types\/product"}],"version-history":[{"count":0,"href":"https:\/\/tekno47.com\/en\/wp-json\/wp\/v2\/product\/19049\/revisions"}],"wp:featuredmedia":[{"embeddable":true,"href":"https:\/\/tekno47.com\/en\/wp-json\/wp\/v2\/media\/19056"}],"wp:attachment":[{"href":"https:\/\/tekno47.com\/en\/wp-json\/wp\/v2\/media?parent=19049"}],"wp:term":[{"taxonomy":"product_cat","embeddable":true,"href":"https:\/\/tekno47.com\/en\/wp-json\/wp\/v2\/product_cat?post=19049"},{"taxonomy":"product_tag","embeddable":true,"href":"https:\/\/tekno47.com\/en\/wp-json\/wp\/v2\/product_tag?post=19049"}],"curies":[{"name":"wp","href":"https:\/\/api.w.org\/{rel}","templated":true}]}}