{"id":19176,"date":"2024-10-11T12:09:43","date_gmt":"2024-10-11T09:09:43","guid":{"rendered":"https:\/\/grey-bison-235315.hostingersite.com\/?post_type=product&#038;p=19176"},"modified":"2024-10-11T12:36:17","modified_gmt":"2024-10-11T09:36:17","slug":"anker-prime-27650mah-powerbank-250w","status":"publish","type":"product","link":"https:\/\/tekno47.com\/en\/urun\/anker-prime-27650mah-powerbank-250w\/","title":{"rendered":"Anker Prime 27,650mAh Powerbank (250W)"},"content":{"rendered":"<p><strong>250W \u00c7oklu Cihaz ve H\u0131zl\u0131 \u015earj:<\/strong>\u00a0En son PD 3.1 teknolojisi ile g\u00fc\u00e7lendirilen powerbank, toplam 250W g\u00fc\u00e7 sa\u011flayabilen 2 adet USB-C portu ve 1 adet USB-A portuna sahiptir. MacBook Pro 16\u2019y\u0131 (M2 Pro) yaln\u0131zca 28 dakikada %50 \u015farj edin.<br \/>\n<strong>Sezgisel Ak\u0131ll\u0131 Uygulama:<\/strong>\u00a0Anker uygulamas\u0131n\u0131 kullanarak power bank&#8217;\u0131n\u0131z\u0131 sesli uyar\u0131larla h\u0131zl\u0131ca bulun, ger\u00e7ek zamanl\u0131 istatistiklere eri\u015fin ve ak\u0131ll\u0131 \u015farj ile cihaz batarya \u00f6mr\u00fcn\u00fc optimize edin.<br \/>\n<strong>K\u00fc\u00e7\u00fck Boyut, B\u00fcy\u00fck G\u00fc\u00e7:<\/strong>\u00a0Powerbank bir soda kutusu boyutunda olup 27,650mAh kapasiteye sahiptir ve bir 13 in\u00e7 MacBook Air (M2)&#8217;yi 1.28 kez ya da bir iPhone 14&#8217;\u00fc yakla\u015f\u0131k 4.67 kez \u015farj edebilir. Bu powerbank&#8217;\u0131n 99.54Wh oldu\u011funu ve TSA&#8217;n\u0131n (&lt;100Wh) u\u00e7aklarda el bagaj\u0131 olarak ta\u015f\u0131nmaya izin verilen gereksinimlerini kar\u015f\u0131lad\u0131\u011f\u0131n\u0131 l\u00fctfen unutmay\u0131n.<br \/>\n<strong>170W H\u0131zl\u0131 USB-C Yeniden \u015earj:<\/strong>\u00a0\u00c7ift USB-C portunun rahatl\u0131\u011f\u0131 ile powerbank&#8217;\u0131n\u0131z\u0131 \u015fim\u015fek h\u0131z\u0131nda \u015farj edin, yaln\u0131zca 37 dakikada tamamen doldurun.<br \/>\n<strong>Ne Al\u0131rs\u0131n\u0131z:<\/strong>\u00a0Anker Prime 27,650mAh Power Bank (250W), 2 feet \/ 0.6 metre 140W USB-C&#8217;den USB-C&#8217;ye \u015farj kablosu, seyahat \u00e7antas\u0131, h\u0131zl\u0131 ba\u015flang\u0131\u00e7 k\u0131lavuzu ve dost\u00e7a m\u00fc\u015fteri hizmetleri.<\/p>\n<p>&nbsp;<\/p>\n<div><img decoding=\"async\" src=\"https:\/\/cdn.shopify.com\/s\/files\/1\/0559\/9235\/2977\/files\/2Anker-Prime-27_650mAh-Powerbank-_250W.jpg?v=1703062871\" alt=\"Anker Prime 27,650mAh Powerbank (250W)\" width=\"100%\" \/><\/div>\n<div class=\"img_grid_wrap_container\">\n<div class=\"img_grid_wrap\">\n<p><img decoding=\"async\" src=\"https:\/\/cdn.shopify.com\/s\/files\/1\/0559\/9235\/2977\/files\/250W-Coklu-Cihaz-ve-Hizli-Sarj.jpg?v=1703062916\" alt=\"Anker Prime 27,650mAh Powerbank (250W)\" width=\"100%\" \/><\/p>\n<h3>250W \u00c7oklu Cihaz ve H\u0131zl\u0131 \u015earj<\/h3>\n<p>En son PD 3.1 teknolojisi ile g\u00fc\u00e7lendirilen powerbank, toplam 250W g\u00fc\u00e7 sa\u011flayabilen 2 adet USB-C portu ve 1 adet USB-A portuna sahiptir. MacBook Pro 16\u2019y\u0131 (M2 Pro) yaln\u0131zca 28 dakikada %50 \u015farj edin.<\/p>\n<\/div>\n<div class=\"img_grid_wrap\">\n<p><img decoding=\"async\" src=\"https:\/\/cdn.shopify.com\/s\/files\/1\/0559\/9235\/2977\/files\/Sezgisel-Akilli-Uygulama.jpg?v=1703062915\" alt=\"Anker Prime 27,650mAh Powerbank (250W)\" width=\"100%\" \/><\/p>\n<h3>Sezgisel Ak\u0131ll\u0131 Uygulama<\/h3>\n<p>Anker uygulamas\u0131n\u0131 kullanarak power bank&#8217;\u0131n\u0131z\u0131 sesli uyar\u0131larla h\u0131zl\u0131ca bulun, ger\u00e7ek zamanl\u0131 istatistiklere eri\u015fin ve ak\u0131ll\u0131 \u015farj ile cihaz batarya \u00f6mr\u00fcn\u00fc optimize edin.<\/p>\n<\/div>\n<div class=\"img_grid_wrap\">\n<p><img decoding=\"async\" src=\"https:\/\/cdn.shopify.com\/s\/files\/1\/0559\/9235\/2977\/files\/Kucuk-Boyut_-Buyuk-Guc.jpg?v=1703062916\" alt=\"Anker Prime 27,650mAh Powerbank (250W)\" width=\"100%\" \/><\/p>\n<h3>K\u00fc\u00e7\u00fck Boyut, B\u00fcy\u00fck G\u00fc\u00e7<\/h3>\n<p>Powerbank bir soda kutusu boyutunda olup 27,650mAh kapasiteye sahiptir ve bir 13 in\u00e7 MacBook Air (M2)&#8217;yi 1.28 kez ya da bir iPhone 14&#8217;\u00fc yakla\u015f\u0131k 4.67 kez \u015farj edebilir. Bu powerbank&#8217;\u0131n 99.54Wh oldu\u011funu ve TSA&#8217;n\u0131n (&lt;100Wh) u\u00e7aklarda el bagaj\u0131 olarak ta\u015f\u0131nmaya izin verilen gereksinimlerini kar\u015f\u0131lad\u0131\u011f\u0131n\u0131 l\u00fctfen unutmay\u0131n.<\/p>\n<\/div>\n<div class=\"img_grid_wrap\">\n<p><img decoding=\"async\" src=\"https:\/\/cdn.shopify.com\/s\/files\/1\/0559\/9235\/2977\/files\/170W-Hizli-USB-C-Yeniden-Sarj.jpg?v=1703062915\" alt=\"Anker Prime 27,650mAh Powerbank (250W)\" width=\"100%\" \/><\/p>\n<h3>170W H\u0131zl\u0131 USB-C Yeniden \u015earj<\/h3>\n<p>\u00c7ift USB-C portunun rahatl\u0131\u011f\u0131 ile powerbank&#8217;\u0131n\u0131z\u0131 \u015fim\u015fek h\u0131z\u0131nda \u015farj edin, yaln\u0131zca 37 dakikada tamamen doldurun.<\/p>\n<\/div>\n<\/div>\n","protected":false},"excerpt":{"rendered":"<p><span style=\"color: #ff0000;\">\u00dcr\u00fcnler S\u0131f\u0131r yurtd\u0131\u015f\u0131 ve orjinaldir&#8230;<\/span><\/p>\n","protected":false},"featured_media":19179,"template":"","meta":{"_acf_changed":false},"product_cat":[145,142],"product_tag":[672,673,669,524,670,671,668,576],"class_list":{"0":"post-19176","1":"product","2":"type-product","3":"status-publish","4":"has-post-thumbnail","6":"product_cat-mobil-aksesuarlar","7":"product_cat-mobil-cihazlar","8":"product_tag-650mah","9":"product_tag-650mah-powerbank","10":"product_tag-650mah-powerbank-250w","11":"product_tag-ahmetmardin","12":"product_tag-anker","13":"product_tag-anker-prime","14":"product_tag-anker-prime-27","15":"product_tag-tekno47o","17":"first","18":"instock","19":"sale","20":"shipping-taxable","21":"purchasable","22":"product-type-simple"},"exclude_global_add_ons":[],"addons":[],"acf":{"kayit":"Yok","sifirlama":"Hay\u0131r","guncelleme":"Hay\u0131r","surum":"Global Rom Y\u00fckl\u00fc","kutu":"Yok","tumu_g":true,"kayit_g":false,"sfirilama_g":false,"guncelleme_g":false,"surum_g":false,"kutu_g":false},"aioseo_notices":[],"_links":{"self":[{"href":"https:\/\/tekno47.com\/en\/wp-json\/wp\/v2\/product\/19176","targetHints":{"allow":["GET"]}}],"collection":[{"href":"https:\/\/tekno47.com\/en\/wp-json\/wp\/v2\/product"}],"about":[{"href":"https:\/\/tekno47.com\/en\/wp-json\/wp\/v2\/types\/product"}],"version-history":[{"count":0,"href":"https:\/\/tekno47.com\/en\/wp-json\/wp\/v2\/product\/19176\/revisions"}],"wp:featuredmedia":[{"embeddable":true,"href":"https:\/\/tekno47.com\/en\/wp-json\/wp\/v2\/media\/19179"}],"wp:attachment":[{"href":"https:\/\/tekno47.com\/en\/wp-json\/wp\/v2\/media?parent=19176"}],"wp:term":[{"taxonomy":"product_cat","embeddable":true,"href":"https:\/\/tekno47.com\/en\/wp-json\/wp\/v2\/product_cat?post=19176"},{"taxonomy":"product_tag","embeddable":true,"href":"https:\/\/tekno47.com\/en\/wp-json\/wp\/v2\/product_tag?post=19176"}],"curies":[{"name":"wp","href":"https:\/\/api.w.org\/{rel}","templated":true}]}}