{"id":19192,"date":"2024-10-11T12:29:58","date_gmt":"2024-10-11T09:29:58","guid":{"rendered":"https:\/\/grey-bison-235315.hostingersite.com\/?post_type=product&#038;p=19192"},"modified":"2024-10-11T12:31:59","modified_gmt":"2024-10-11T09:31:59","slug":"anker-735-prime-20000mah-powerbank-200w","status":"publish","type":"product","link":"https:\/\/tekno47.com\/en\/urun\/anker-735-prime-20000mah-powerbank-200w\/","title":{"rendered":"Anker 735 Prime 20,000mAh Powerbank (200W)"},"content":{"rendered":"<p><strong>Anker Prime 20.000mAh\u00a0\u00a0Powerbank\u00a0(200W) l\u00a0S\u00fcper H\u0131zl\u0131 \u015earj ile Ultra Y\u00fcksek Kapasiteli G\u00fc\u00e7 Bankas\u0131<\/strong><br \/>\n<strong>Toplam 200W \u00c7\u0131k\u0131\u015f:<\/strong>\u00a0\u0130ki y\u00fcksek g\u00fc\u00e7l\u00fc USB-C port ve bir USB-A port ile donat\u0131lm\u0131\u015f olup toplamda 200W \u00e7\u0131k\u0131\u015f sa\u011flar, b\u00f6ylece her biri maksimum verimlilikle 100W olan iki diz\u00fcst\u00fc bilgisayar\u0131 ayn\u0131 anda h\u0131zl\u0131 bir \u015fekilde \u015farj edebilirsiniz.<br \/>\n<strong>\u00c7ok H\u0131zl\u0131 \u015earj:\u00a0<\/strong>USB-C portu arac\u0131l\u0131\u011f\u0131yla 100W h\u0131zl\u0131 \u015farj sayesinde\u00a0powerbank\u00a0tamamen 1 saat 15 dakika i\u00e7inde \u015farj edilebilir.<br \/>\n<strong>Seyahatlerde G\u00fc\u00e7:<\/strong>\u00a04.9 \u00d7 2.1 \u00d7 1.9 in\u00e7 boyutlar\u0131ndaki kompakt tasar\u0131m\u0131 sayesinde, 20.000mAh powerbank \u00e7antan\u0131za m\u00fckemmel bir \u015fekilde s\u0131\u011far, bu da seyahat ederken kullan\u0131m\u0131n\u0131z\u0131 pratik hale getirir ve her zaman g\u00fcvenilir g\u00fc\u00e7 alman\u0131z\u0131 sa\u011flar.<br \/>\n<strong>Ger\u00e7ek Zamanl\u0131 Bilgi Al\u0131n:<\/strong>\u00a0Ger\u00e7ek zamanl\u0131 olarak kalan pil kapasitesi, g\u00fc\u00e7 giri\u015fi ve g\u00fc\u00e7 \u00e7\u0131k\u0131\u015f\u0131 hakk\u0131nda bilgi veren ak\u0131ll\u0131 dijital ekran ile bilgi\u00a0edinebilirsiniz;\u00a0bu da\u00a0size\u00a0g\u00fc\u00e7 bankas\u0131 \u00fczerinde tam kontrol ve g\u00f6r\u00fcn\u00fcrl\u00fck sa\u011flar.<br \/>\n<strong>Kutu \u0130\u00e7eri\u011fi:<\/strong>\u00a0Anker Prime 20.000mAh Powerbank (200W), 2 ft \/ 0.6 m USB-C ile USB-C \u015farj kablosu, seyahat \u00e7antas\u0131, ho\u015f geldiniz k\u0131lavuzu ve\u00a0yard\u0131msever\u00a0m\u00fc\u015fteri hizmeti.<br \/>\n<strong>Not:<\/strong>\u00a0Samsung S\u00fcper H\u0131zl\u0131 \u015earj 2.0&#8217;\u0131 desteklemez<\/p>\n<p>&nbsp;<\/p>\n<div><img decoding=\"async\" src=\"https:\/\/cdn.shopify.com\/s\/files\/1\/0559\/9235\/2977\/files\/1-dikdortgen-Anker-Prime-20_000mAh-Powerbank-_200W.jpg?v=1718203967\" alt=\"Anker 735 Prime 20,000mAh Powerbank (200W)\" width=\"100%\" \/><\/div>\n<div><img decoding=\"async\" src=\"https:\/\/cdn.shopify.com\/s\/files\/1\/0559\/9235\/2977\/files\/2-dikdortgen-Anker-Prime-20_000mAh-Powerbank-_200W.jpg?v=1718203967\" alt=\"Anker 735 Prime 20,000mAh Powerbank (200W)\" width=\"100%\" \/><\/div>\n<div class=\"img_grid_wrap_container\">\n<div class=\"img_grid_wrap\">\n<p><img decoding=\"async\" src=\"https:\/\/cdn.shopify.com\/s\/files\/1\/0559\/9235\/2977\/files\/Anker-Prime-Gucu.jpg?v=1718204234\" alt=\"Anker 735 Prime 20,000mAh Powerbank (200W)\" width=\"100%\" \/><\/p>\n<h3>Anker Prime G\u00fcc\u00fc<\/h3>\n<p>G\u00fc\u00e7 bankas\u0131 ultra-kompakt dinamik g\u00fc\u00e7, her port i\u00e7in maksimum \u015farj h\u0131z\u0131, geli\u015fmi\u015f ActiveShield\u2122 2.0 g\u00fcvenlik sistemi, e\u015fsiz uyumluluk ve Power Delivery 3.0 teknolojisini birle\u015ftirerek, t\u00fcm cihazlar\u0131n\u0131z i\u00e7in verimli ve g\u00fcvenli \u015farj sa\u011flar.<\/p>\n<\/div>\n<div class=\"img_grid_wrap\">\n<p><img decoding=\"async\" src=\"https:\/\/cdn.shopify.com\/s\/files\/1\/0559\/9235\/2977\/files\/Her-Yerde-Sarj-icin-Muazzam-Kapasite.jpg?v=1718204234\" alt=\"Anker 735 Prime 20,000mAh Powerbank (200W)\" width=\"100%\" \/><\/p>\n<h3>Her Yerde \u015earj i\u00e7in Muazzam Kapasite<\/h3>\n<p>20.000mAh&#8217;lik muazzam kapasitesiyle telefonunuzu 3&#8217;ten fazla kez veya MacBook Air&#8217;inizi bir kez \u015farj edecek kadar g\u00fc\u00e7 al\u0131n, k\u0131sa ka\u00e7amaklar veya hareket halindeyken \u015farj ihtiya\u00e7lar\u0131n\u0131z i\u00e7in idealdir.<\/p>\n<\/div>\n<div class=\"img_grid_wrap\">\n<p><img decoding=\"async\" src=\"https:\/\/cdn.shopify.com\/s\/files\/1\/0559\/9235\/2977\/files\/200W-Hizli-Sarj.jpg?v=1718204234\" alt=\"Anker 735 Prime 20,000mAh Powerbank (200W)\" width=\"100%\" \/><\/p>\n<h3>200W H\u0131zl\u0131 \u015earj<\/h3>\n<p>Sadece 40 dakikada bir 16&#8243; MacBook Pro&#8217;yu %50&#8217;ye kadar \u015farj edebilen \u015fim\u015fek h\u0131z\u0131nda 200W \u015farj deneyimleyin, b\u00f6ylece hareket halindeyken verimli olabilirsiniz.<\/p>\n<\/div>\n<div class=\"img_grid_wrap\">\n<p><img decoding=\"async\" src=\"https:\/\/cdn.shopify.com\/s\/files\/1\/0559\/9235\/2977\/files\/100W-Yuksek-Hizli-Yeniden-Sarj.jpg?v=1718204234\" alt=\"Anker 735 Prime 20,000mAh Powerbank (200W)\" width=\"100%\" \/><\/p>\n<h3>100W Y\u00fcksek H\u0131zl\u0131 Yeniden \u015earj<\/h3>\n<p>USB-C portu arac\u0131l\u0131\u011f\u0131yla powerbankinizi 100W&#8217;a kadar h\u0131zl\u0131 bir \u015fekilde \u015farj edebilirsiniz, b\u00f6ylece her zaman ve her yerde kesintisiz g\u00fcce sahip olursunuz.<\/p>\n<\/div>\n<\/div>\n<p><b>Uyumluluk<\/b><br \/>\niPhone SE \/ 12 \/ 13 \/ 14 Serisi ve Sonras\u0131<br \/>\nSamsung S23 Serisi \/ S22 Serisi \/ Note20 \/ 20 Ultra<br \/>\niPad Pro \/ Air \/ Mini Serisi<br \/>\nMacBook Air \/ Pro Serisi<br \/>\nSteam Deck \/ DJI Mini 2<br \/>\nNintendo Switch \/ Lite \/ OLED<br \/>\nAirPods<br \/>\nVe Daha Fazlas\u0131<\/p>\n<p><b>Notlar<\/b><br \/>\nPil \u00f6mr\u00fcn\u00fc korumak i\u00e7in, powerbank s\u0131cakl\u0131\u011f\u0131 artt\u0131\u011f\u0131nda veya pil seviyesi d\u00fc\u015f\u00fck oldu\u011funda (%0 &#8211; %10) maksimum \u00e7\u0131k\u0131\u015fa ula\u015fmaz. %0&#8217;dan %10&#8217;a \u015farj etmek yakla\u015f\u0131k 5 dakika s\u00fcrer.<\/p>\n<p>L\u00fctfen ekranda g\u00f6r\u00fcnen verilerin Anker laboratuvar\u0131nda yap\u0131lan testlere dayand\u0131\u011f\u0131n\u0131 unutmay\u0131n. Ger\u00e7ek performans, \u00e7evresel s\u0131cakl\u0131k gibi fakt\u00f6rlere ve belirli cihaz kullan\u0131m\u0131na ba\u011fl\u0131 olarak de\u011fi\u015febilir. Do\u011fru bilgi i\u00e7in l\u00fctfen fiziksel \u00fcr\u00fcne ba\u015fvurun.<\/p>\n","protected":false},"excerpt":{"rendered":"<p><strong><span style=\"color: #ff0000;\">Yurtd\u0131\u015f\u0131 orjinal s\u0131f\u0131r \u00fcr\u00fcnler kutulu&#8230;<\/span><\/strong><\/p>\n","protected":false},"featured_media":19197,"template":"","meta":{"_acf_changed":false},"product_cat":[145,142],"product_tag":[679,676,524,670,677,678,675,680,576],"class_list":{"0":"post-19192","1":"product","2":"type-product","3":"status-publish","4":"has-post-thumbnail","6":"product_cat-mobil-aksesuarlar","7":"product_cat-mobil-cihazlar","8":"product_tag-000mah","9":"product_tag-000mah-powerbank-200w","10":"product_tag-ahmetmardin","11":"product_tag-anker","12":"product_tag-anker-735","13":"product_tag-anker-735-prime","14":"product_tag-anker-735-prime-20","15":"product_tag-powerbank-200w","16":"product_tag-tekno47o","18":"first","19":"instock","20":"sale","21":"shipping-taxable","22":"purchasable","23":"product-type-simple"},"exclude_global_add_ons":[],"addons":[],"acf":{"kayit":"Yok","sifirlama":"Hay\u0131r","guncelleme":"Hay\u0131r","surum":"Global Rom Y\u00fckl\u00fc","kutu":"Yok","tumu_g":true,"kayit_g":false,"sfirilama_g":false,"guncelleme_g":false,"surum_g":false,"kutu_g":false},"aioseo_notices":[],"_links":{"self":[{"href":"https:\/\/tekno47.com\/en\/wp-json\/wp\/v2\/product\/19192","targetHints":{"allow":["GET"]}}],"collection":[{"href":"https:\/\/tekno47.com\/en\/wp-json\/wp\/v2\/product"}],"about":[{"href":"https:\/\/tekno47.com\/en\/wp-json\/wp\/v2\/types\/product"}],"version-history":[{"count":0,"href":"https:\/\/tekno47.com\/en\/wp-json\/wp\/v2\/product\/19192\/revisions"}],"wp:featuredmedia":[{"embeddable":true,"href":"https:\/\/tekno47.com\/en\/wp-json\/wp\/v2\/media\/19197"}],"wp:attachment":[{"href":"https:\/\/tekno47.com\/en\/wp-json\/wp\/v2\/media?parent=19192"}],"wp:term":[{"taxonomy":"product_cat","embeddable":true,"href":"https:\/\/tekno47.com\/en\/wp-json\/wp\/v2\/product_cat?post=19192"},{"taxonomy":"product_tag","embeddable":true,"href":"https:\/\/tekno47.com\/en\/wp-json\/wp\/v2\/product_tag?post=19192"}],"curies":[{"name":"wp","href":"https:\/\/api.w.org\/{rel}","templated":true}]}}