{"id":21877,"date":"2024-12-09T20:48:16","date_gmt":"2024-12-09T17:48:16","guid":{"rendered":"https:\/\/grey-bison-235315.hostingersite.com\/?post_type=product&#038;p=21877"},"modified":"2024-12-09T20:56:43","modified_gmt":"2024-12-09T17:56:43","slug":"ally-4in1-type-c-65w-to-usb-a-type-c-to-lightning-27w-hizli-sarj-kablosu","status":"publish","type":"product","link":"https:\/\/tekno47.com\/en\/urun\/ally-4in1-type-c-65w-to-usb-a-type-c-to-lightning-27w-hizli-sarj-kablosu\/","title":{"rendered":"ALLY 4in1 Type-c 65W to USB-A + Type-c to Lightning 27W Hizli Sarj Kablosu"},"content":{"rendered":"<p>ALLY 4in1 Type-c 65W to USB-A + Type-c to Lightning 27W Hizli Sarj Kablosu<\/p>\n<p>&nbsp;<\/p>\n<p>\u00dccretsiz kargo<\/p>\n","protected":false},"excerpt":{"rendered":"<p>ALLY 4in1 Type-c 65W to USB-A + Type-c to Lightning 27W Hizli Sarj Kablosu &nbsp; \u00dccretsiz kargo<\/p>\n","protected":false},"featured_media":21880,"template":"","meta":{"_acf_changed":false},"product_cat":[145],"product_tag":[791],"class_list":{"0":"post-21877","1":"product","2":"type-product","3":"status-publish","4":"has-post-thumbnail","6":"product_cat-mobil-aksesuarlar","7":"product_tag-harvox","9":"first","10":"instock","11":"shipping-taxable","12":"purchasable","13":"product-type-simple"},"exclude_global_add_ons":[],"addons":[],"acf":{"kayit":"Yok","sifirlama":"Hay\u0131r","guncelleme":"Hay\u0131r","surum":"Global Rom Y\u00fckl\u00fc","kutu":"Yok","tumu_g":true,"kayit_g":false,"sfirilama_g":false,"guncelleme_g":false,"surum_g":false,"kutu_g":false},"aioseo_notices":[],"_links":{"self":[{"href":"https:\/\/tekno47.com\/en\/wp-json\/wp\/v2\/product\/21877","targetHints":{"allow":["GET"]}}],"collection":[{"href":"https:\/\/tekno47.com\/en\/wp-json\/wp\/v2\/product"}],"about":[{"href":"https:\/\/tekno47.com\/en\/wp-json\/wp\/v2\/types\/product"}],"version-history":[{"count":0,"href":"https:\/\/tekno47.com\/en\/wp-json\/wp\/v2\/product\/21877\/revisions"}],"wp:featuredmedia":[{"embeddable":true,"href":"https:\/\/tekno47.com\/en\/wp-json\/wp\/v2\/media\/21880"}],"wp:attachment":[{"href":"https:\/\/tekno47.com\/en\/wp-json\/wp\/v2\/media?parent=21877"}],"wp:term":[{"taxonomy":"product_cat","embeddable":true,"href":"https:\/\/tekno47.com\/en\/wp-json\/wp\/v2\/product_cat?post=21877"},{"taxonomy":"product_tag","embeddable":true,"href":"https:\/\/tekno47.com\/en\/wp-json\/wp\/v2\/product_tag?post=21877"}],"curies":[{"name":"wp","href":"https:\/\/api.w.org\/{rel}","templated":true}]}}