{"id":23930,"date":"2025-03-13T17:57:19","date_gmt":"2025-03-13T14:57:19","guid":{"rendered":"https:\/\/grey-bison-235315.hostingersite.com\/?post_type=product&#038;p=23930"},"modified":"2025-04-07T13:50:04","modified_gmt":"2025-04-07T10:50:04","slug":"xiaomi-15-ultra-fotograf-kiti","status":"publish","type":"product","link":"https:\/\/tekno47.com\/en\/urun\/xiaomi-15-ultra-fotograf-kiti\/","title":{"rendered":"Xiaomi 15 Ultra Photography Kit Legend Edition"},"content":{"rendered":"<p>Xiaomi 15 Ultra Photography Kit Legend Edition \u2013 \u00d6zet \u00d6zellikler<\/p>\n<p>\ud83d\udcf8 Profesyonel Foto\u011fraf\u00e7\u0131l\u0131k Deneyimi \u2013 Yarat\u0131c\u0131l\u0131\u011f\u0131n\u0131z\u0131 geni\u015fleten yenilik\u00e7i tasar\u0131m.<\/p>\n<p>\ud83d\udee1\ufe0f \u00dcst\u00fcn Koruma \u2013 Kapsaml\u0131 koruma ve geni\u015fletilebilirlik sa\u011flayan yap\u0131.<\/p>\n<p>\ud83d\udcf7 \u00c7ok \u0130\u015flevli Kamera Tasar\u0131m\u0131 \u2013 Type-C ba\u011flant\u0131s\u0131yla gecikmesiz ve tek elle \u00e7ekim imkan\u0131.<\/p>\n<p>\ud83d\udc4d Ayr\u0131labilir Ba\u015fparmak Deste\u011fi \u2013 Yatay \u00e7ekimlerde konfor, maksimum ta\u015f\u0131nabilirlik.<\/p>\n<p>\ud83c\udfaf Ayr\u0131labilir Deklan\u015f\u00f6r D\u00fc\u011fmesi \u2013 Oda\u011f\u0131 kilitleme, foto\u011fraf \u00e7ekme ve seri \u00e7ekim modu.<\/p>\n<p>\u2699\ufe0f \u00d6zel Kadran \u2013 EV, enstantane h\u0131z\u0131, ISO ve beyaz dengesi ayarlar\u0131.<\/p>\n<p>\ud83d\udd0d Yak\u0131nla\u015ft\u0131rma Kolu \u2013 Odak uzakl\u0131\u011f\u0131 de\u011fi\u015ftirme ve s\u00fcrekli zoom \u00f6zelli\u011fi.<\/p>\n<p>\ud83c\udfa5 Video D\u00fc\u011fmesi \u2013 H\u0131zl\u0131 video kayd\u0131, \u00f6zelle\u015ftirilebilir ayarlar.<\/p>\n<p>\ud83d\udd35 67 mm Filtre Adapt\u00f6r Halkas\u0131 \u2013 ND, polariz\u00f6r gibi filtreleri kullanma imkan\u0131.<\/p>\n<p>\ud83d\udc8e Dekoratif Metal Halka \u2013 K\u0131rm\u0131z\u0131 kaplama ile \u015f\u0131k ve benzersiz tasar\u0131m.<\/p>\n<p>\ud83d\udda5\ufe0f \u00d6zel Kullan\u0131c\u0131 Aray\u00fcz\u00fc \u2013 H\u0131zl\u0131 \u00c7ekim modu ile sokak foto\u011fraf\u00e7\u0131l\u0131\u011f\u0131 deneyimi.<\/p>\n<p>\ud83d\udd0b 2000 mAh Pil Kapasitesi \u2013 Uzun \u00e7ekimler i\u00e7in ta\u015f\u0131nabilir \u015farj \u00f6zelli\u011fi.<\/p>\n<p>\ud83d\udca6 IP54 Toz ve Suya Dayan\u0131kl\u0131l\u0131k \u2013 Zorlu ko\u015fullara kar\u015f\u0131 dayan\u0131kl\u0131 yap\u0131.<\/p>\n<p>\ud83d\udce6 Paket \u0130\u00e7eri\u011fi \u2013 Koruyucu k\u0131l\u0131f, foto\u011fraf tutaca\u011f\u0131, filtre adapt\u00f6r halkas\u0131, dekoratif halka, ayr\u0131labilir ba\u015fparmak deste\u011fi, ayr\u0131labilir deklan\u015f\u00f6r d\u00fc\u011fmesi (x2), kau\u00e7uk halka (x2) ve kullan\u0131m k\u0131lavuzu.<\/p>\n","protected":false},"excerpt":{"rendered":"<ol>\n<li><\/li>\n<\/ol>\n","protected":false},"featured_media":23935,"template":"","meta":{"_acf_changed":false},"product_cat":[145,142],"product_tag":[891,888,889,893,566,576,892,216,890,894],"class_list":{"0":"post-23930","1":"product","2":"type-product","3":"status-publish","4":"has-post-thumbnail","6":"product_cat-mobil-aksesuarlar","7":"product_cat-mobil-cihazlar","8":"product_tag-15-ultra-fotografcilik-kiti","9":"product_tag-15ultra","10":"product_tag-15ultrakit","11":"product_tag-fotografcilik-kiti","12":"product_tag-kit","13":"product_tag-tekno47o","14":"product_tag-ultra-fotografcilik-kiti","15":"product_tag-xiaomi","16":"product_tag-xiaomi-15-ultra-fotografcilik-kiti","17":"product_tag-xiaomi-15-ultra-photography-kit","19":"first","20":"outofstock","21":"sale","22":"shipping-taxable","23":"purchasable","24":"product-type-simple"},"exclude_global_add_ons":[],"addons":[],"acf":{"kayit":"Yok","sifirlama":"Hay\u0131r","guncelleme":"Hay\u0131r","surum":"Global Rom Y\u00fckl\u00fc","kutu":"Orijinal Kutu ve i\u00e7eri\u011fi","tumu_g":false,"kayit_g":true,"sfirilama_g":true,"guncelleme_g":true,"surum_g":true,"kutu_g":false},"aioseo_notices":[],"_links":{"self":[{"href":"https:\/\/tekno47.com\/en\/wp-json\/wp\/v2\/product\/23930","targetHints":{"allow":["GET"]}}],"collection":[{"href":"https:\/\/tekno47.com\/en\/wp-json\/wp\/v2\/product"}],"about":[{"href":"https:\/\/tekno47.com\/en\/wp-json\/wp\/v2\/types\/product"}],"version-history":[{"count":7,"href":"https:\/\/tekno47.com\/en\/wp-json\/wp\/v2\/product\/23930\/revisions"}],"predecessor-version":[{"id":23953,"href":"https:\/\/tekno47.com\/en\/wp-json\/wp\/v2\/product\/23930\/revisions\/23953"}],"wp:featuredmedia":[{"embeddable":true,"href":"https:\/\/tekno47.com\/en\/wp-json\/wp\/v2\/media\/23935"}],"wp:attachment":[{"href":"https:\/\/tekno47.com\/en\/wp-json\/wp\/v2\/media?parent=23930"}],"wp:term":[{"taxonomy":"product_cat","embeddable":true,"href":"https:\/\/tekno47.com\/en\/wp-json\/wp\/v2\/product_cat?post=23930"},{"taxonomy":"product_tag","embeddable":true,"href":"https:\/\/tekno47.com\/en\/wp-json\/wp\/v2\/product_tag?post=23930"}],"curies":[{"name":"wp","href":"https:\/\/api.w.org\/{rel}","templated":true}]}}