{"id":24606,"date":"2025-08-24T15:17:14","date_gmt":"2025-08-24T12:17:14","guid":{"rendered":"https:\/\/grey-bison-235315.hostingersite.com\/?post_type=product&#038;p=24606"},"modified":"2026-04-08T16:09:03","modified_gmt":"2026-04-08T13:09:03","slug":"gt-30-pro-fan","status":"publish","type":"product","link":"https:\/\/tekno47.com\/en\/urun\/gt-30-pro-fan\/","title":{"rendered":"GT 30 PRO FAN"},"content":{"rendered":"","protected":false},"excerpt":{"rendered":"","protected":false},"featured_media":28447,"template":"","meta":{"_acf_changed":false},"product_cat":[145,142],"product_tag":[136],"class_list":{"0":"post-24606","1":"product","2":"type-product","3":"status-publish","4":"has-post-thumbnail","6":"product_cat-mobil-aksesuarlar","7":"product_cat-mobil-cihazlar","8":"product_tag-aksesuary","10":"first","11":"instock","12":"sale","13":"shipping-taxable","14":"purchasable","15":"product-type-simple"},"exclude_global_add_ons":[],"addons":[],"acf":{"kayit":"Yok","sifirlama":"Hay\u0131r","guncelleme":"Hay\u0131r","surum":"Global Rom Y\u00fckl\u00fc","kutu":"Yok","tumu_g":true,"kayit_g":false,"sfirilama_g":false,"guncelleme_g":false,"surum_g":false,"kutu_g":false},"aioseo_notices":[],"_links":{"self":[{"href":"https:\/\/tekno47.com\/en\/wp-json\/wp\/v2\/product\/24606","targetHints":{"allow":["GET"]}}],"collection":[{"href":"https:\/\/tekno47.com\/en\/wp-json\/wp\/v2\/product"}],"about":[{"href":"https:\/\/tekno47.com\/en\/wp-json\/wp\/v2\/types\/product"}],"version-history":[{"count":1,"href":"https:\/\/tekno47.com\/en\/wp-json\/wp\/v2\/product\/24606\/revisions"}],"predecessor-version":[{"id":28449,"href":"https:\/\/tekno47.com\/en\/wp-json\/wp\/v2\/product\/24606\/revisions\/28449"}],"wp:featuredmedia":[{"embeddable":true,"href":"https:\/\/tekno47.com\/en\/wp-json\/wp\/v2\/media\/28447"}],"wp:attachment":[{"href":"https:\/\/tekno47.com\/en\/wp-json\/wp\/v2\/media?parent=24606"}],"wp:term":[{"taxonomy":"product_cat","embeddable":true,"href":"https:\/\/tekno47.com\/en\/wp-json\/wp\/v2\/product_cat?post=24606"},{"taxonomy":"product_tag","embeddable":true,"href":"https:\/\/tekno47.com\/en\/wp-json\/wp\/v2\/product_tag?post=24606"}],"curies":[{"name":"wp","href":"https:\/\/api.w.org\/{rel}","templated":true}]}}